{"id":2881,"date":"2024-05-01T08:29:37","date_gmt":"2024-05-01T00:29:37","guid":{"rendered":"https:\/\/www.omnizoomstudio.com\/?post_type=product&#038;p=2881"},"modified":"2024-09-11T10:13:03","modified_gmt":"2024-09-11T02:13:03","slug":"products-indoor-recessed-spotlights-lycra-1802","status":"publish","type":"product","link":"https:\/\/www.omnizoomstudio.com\/de\/produkt\/products-indoor-recessed-spotlights-lycra-1802\/","title":{"rendered":"Lycra-Einbauleuchte: Spotlight, Wallwash-kompatibel, gro\u00dfer Neigungswinkel, perfekt f\u00fcr gezielte Beleuchtung und \u00e4sthetische Displays #1802"},"content":{"rendered":"<h2>Flexible and versatile recessed LED lighting solution with zoomable and Y-TECH innovation<\/h2>\n<p><img loading=\"lazy\" decoding=\"async\" class=\"alignnone wp-image-3226 size-full\" title=\"1802 2222\" src=\"https:\/\/www.omnizoomstudio.com\/wp-content\/uploads\/2024\/03\/1802\u53c2\u6570.jpg\" alt=\"\" width=\"966\" height=\"702\" srcset=\"https:\/\/www.omnizoomstudio.com\/wp-content\/uploads\/2024\/03\/1802\u53c2\u6570.jpg 966w, https:\/\/www.omnizoomstudio.com\/wp-content\/uploads\/2024\/03\/1802\u53c2\u6570-300x218.jpg 300w, https:\/\/www.omnizoomstudio.com\/wp-content\/uploads\/2024\/03\/1802\u53c2\u6570-768x558.jpg 768w, https:\/\/www.omnizoomstudio.com\/wp-content\/uploads\/2024\/03\/1802\u53c2\u6570-18x12.jpg 18w, https:\/\/www.omnizoomstudio.com\/wp-content\/uploads\/2024\/03\/1802\u53c2\u6570-800x581.jpg 800w, https:\/\/www.omnizoomstudio.com\/wp-content\/uploads\/2024\/03\/1802\u53c2\u6570-150x109.jpg 150w\" sizes=\"auto, (max-width: 966px) 100vw, 966px\" \/><\/p>\n<p><img loading=\"lazy\" decoding=\"async\" class=\"alignnone wp-image-2887 size-full\" title=\"1802 2222\" src=\"https:\/\/www.omnizoomstudio.com\/wp-content\/uploads\/2024\/03\/1802-2222.jpg\" alt=\"#1802 Lycra recessed light: spotlight, wall wash compatible, wide tilt angle, perfect for targeted illumination and aesthetic displays\" width=\"1000\" height=\"400\" srcset=\"https:\/\/www.omnizoomstudio.com\/wp-content\/uploads\/2024\/03\/1802-2222.jpg 1000w, https:\/\/www.omnizoomstudio.com\/wp-content\/uploads\/2024\/03\/1802-2222-300x120.jpg 300w, https:\/\/www.omnizoomstudio.com\/wp-content\/uploads\/2024\/03\/1802-2222-768x307.jpg 768w, https:\/\/www.omnizoomstudio.com\/wp-content\/uploads\/2024\/03\/1802-2222-800x320.jpg 800w, https:\/\/www.omnizoomstudio.com\/wp-content\/uploads\/2024\/03\/1802-2222-150x60.jpg 150w\" sizes=\"auto, (max-width: 1000px) 100vw, 1000px\" \/><\/p>\n<h2><strong>How Lycra work ?<\/strong><\/h2>\n<h3><strong><span dir=\"LTR\" data-line-height=\"xs\">Diverse beam distribution pattern with advanced optical system<\/span><\/strong><\/h3>\n<p><span dir=\"LTR\" data-line-height=\"xs\">An optical filters system is attached for optimum light pattern adjustment of the lighting on different objects.<\/span><span dir=\"LTR\" data-line-height=\"xs\">\u00a0Light from round to oval.<\/span><\/p>\n<p><img loading=\"lazy\" decoding=\"async\" class=\"alignnone wp-image-1656\" title=\"focus4\" src=\"https:\/\/www.omnizoomstudio.com\/wp-content\/uploads\/2020\/01\/focus4.gif\" alt=\"focus4\" width=\"789\" height=\"444\" \/><\/p>\n<h3><strong><span dir=\"LTR\">Zoomable beam angle<\/span><\/strong><\/h3>\n<p><span dir=\"LTR\">A Built-in patented lens can be shifted to achieve a stepless zooming beam angle from<strong> 11<\/strong><\/span><strong><span dir=\"LTR\">\u00ba<\/span><span dir=\"LTR\"> to 30<\/span><span dir=\"LTR\">\u00ba<\/span><\/strong><span dir=\"LTR\">\u00a0, agile for different <\/span><span dir=\"LTR\">\u00a0<\/span><span dir=\"LTR\">beam size and amount needed.<\/span><\/p>\n<p><img loading=\"lazy\" decoding=\"async\" class=\"alignnone wp-image-2954 size-full\" title=\"focus2\" src=\"https:\/\/www.omnizoomstudio.com\/wp-content\/uploads\/2024\/03\/focus2.gif\" alt=\"focus2\" width=\"790\" height=\"450\" \/><\/p>\n<h2><strong>How the Lycra work with Y-tech ?<\/strong><\/h2>\n<h3><strong>Newly launched the most advanced Museum lighting optical system\u00a0\u00a0 \u00a0 \u00a0<\/strong><\/h3>\n<p><img loading=\"lazy\" decoding=\"async\" class=\"alignnone wp-image-2888\" title=\"1802\" src=\"https:\/\/www.omnizoomstudio.com\/wp-content\/uploads\/2024\/03\/1802.jpg\" alt=\"#1802 Lycra recessed light: spotlight, wall wash compatible, wide tilt angle, perfect for targeted illumination and aesthetic displays\" width=\"816\" height=\"340\" srcset=\"https:\/\/www.omnizoomstudio.com\/wp-content\/uploads\/2024\/03\/1802.jpg 1536w, https:\/\/www.omnizoomstudio.com\/wp-content\/uploads\/2024\/03\/1802-300x125.jpg 300w, https:\/\/www.omnizoomstudio.com\/wp-content\/uploads\/2024\/03\/1802-1024x427.jpg 1024w, https:\/\/www.omnizoomstudio.com\/wp-content\/uploads\/2024\/03\/1802-768x320.jpg 768w, https:\/\/www.omnizoomstudio.com\/wp-content\/uploads\/2024\/03\/1802-800x333.jpg 800w, https:\/\/www.omnizoomstudio.com\/wp-content\/uploads\/2024\/03\/1802-150x63.jpg 150w\" sizes=\"auto, (max-width: 816px) 100vw, 816px\" \/><img loading=\"lazy\" decoding=\"async\" class=\"alignnone wp-image-3052\" title=\"Lycra with Y Tech interchangeable Accessories\" src=\"https:\/\/www.omnizoomstudio.com\/wp-content\/uploads\/2024\/03\/Lycra-with-Y-Tech-interchangeable-Accessories-3.jpg\" alt=\"\" width=\"730\" height=\"991\" srcset=\"https:\/\/www.omnizoomstudio.com\/wp-content\/uploads\/2024\/03\/Lycra-with-Y-Tech-interchangeable-Accessories-3.jpg 1000w, https:\/\/www.omnizoomstudio.com\/wp-content\/uploads\/2024\/03\/Lycra-with-Y-Tech-interchangeable-Accessories-3-221x300.jpg 221w, https:\/\/www.omnizoomstudio.com\/wp-content\/uploads\/2024\/03\/Lycra-with-Y-Tech-interchangeable-Accessories-3-754x1024.jpg 754w, https:\/\/www.omnizoomstudio.com\/wp-content\/uploads\/2024\/03\/Lycra-with-Y-Tech-interchangeable-Accessories-3-768x1043.jpg 768w, https:\/\/www.omnizoomstudio.com\/wp-content\/uploads\/2024\/03\/Lycra-with-Y-Tech-interchangeable-Accessories-3-800x1086.jpg 800w, https:\/\/www.omnizoomstudio.com\/wp-content\/uploads\/2024\/03\/Lycra-with-Y-Tech-interchangeable-Accessories-3-150x204.jpg 150w\" sizes=\"auto, (max-width: 730px) 100vw, 730px\" \/><\/p>\n<h2><strong style=\"font-size: 25.92px; color: #333333;\">How Y-tech work to make the Self-Customized Beam ?<\/strong><\/h2>\n<h3><strong>Diverse light beam texture<\/strong><\/h3>\n<p>An optical filters system is attached for the option of penetrating or more softening light for more professional application.<\/p>\n<p><img loading=\"lazy\" decoding=\"async\" class=\"alignnone wp-image-1655\" title=\"focus3\" src=\"https:\/\/www.omnizoomstudio.com\/wp-content\/uploads\/2020\/01\/focus3.gif\" alt=\"focus3\" width=\"756\" height=\"425\" \/><\/p>\n<h2><strong><span style=\"color: #ff0000;\">2024 new accessory -G137 cross louver<\/span><\/strong><\/h2>\n<p><img loading=\"lazy\" decoding=\"async\" class=\"alignnone wp-image-3054\" title=\"1802 \u5c3a\u5bf8\u56fe\" src=\"https:\/\/www.omnizoomstudio.com\/wp-content\/uploads\/2024\/03\/G137.jpg\" alt=\"\" width=\"470\" height=\"413\" srcset=\"https:\/\/www.omnizoomstudio.com\/wp-content\/uploads\/2024\/03\/G137.jpg 1279w, https:\/\/www.omnizoomstudio.com\/wp-content\/uploads\/2024\/03\/G137-300x264.jpg 300w, https:\/\/www.omnizoomstudio.com\/wp-content\/uploads\/2024\/03\/G137-1024x901.jpg 1024w, https:\/\/www.omnizoomstudio.com\/wp-content\/uploads\/2024\/03\/G137-768x676.jpg 768w, https:\/\/www.omnizoomstudio.com\/wp-content\/uploads\/2024\/03\/G137-800x704.jpg 800w, https:\/\/www.omnizoomstudio.com\/wp-content\/uploads\/2024\/03\/G137-150x132.jpg 150w\" sizes=\"auto, (max-width: 470px) 100vw, 470px\" \/><img loading=\"lazy\" decoding=\"async\" class=\"alignnone wp-image-3053\" title=\"1802 \u5c3a\u5bf8\u56fe\" src=\"https:\/\/www.omnizoomstudio.com\/wp-content\/uploads\/2024\/03\/\u672a\u6807\u9898-1.jpg\" alt=\"\" width=\"550\" height=\"550\" srcset=\"https:\/\/www.omnizoomstudio.com\/wp-content\/uploads\/2024\/03\/\u672a\u6807\u9898-1.jpg 800w, https:\/\/www.omnizoomstudio.com\/wp-content\/uploads\/2024\/03\/\u672a\u6807\u9898-1-300x300.jpg 300w, https:\/\/www.omnizoomstudio.com\/wp-content\/uploads\/2024\/03\/\u672a\u6807\u9898-1-150x150.jpg 150w, https:\/\/www.omnizoomstudio.com\/wp-content\/uploads\/2024\/03\/\u672a\u6807\u9898-1-768x768.jpg 768w\" sizes=\"auto, (max-width: 550px) 100vw, 550px\" \/><\/p>\n<p><span style=\"color: #000000;\"><strong>\u201ccross louver\u201d refers to a type of fixture used in lighting to reduce glare by directing light through crossed slats or blades arranged in a grid pattern. This design effectively controls the light spread and minimizes direct light entering the viewer\u2019s eye from the source, thus reducing discomfort and improving visibility. It\u2019s often used in office settings, schools, and other environments where optimal lighting conditions are essential for comfort and productivity.<\/strong><\/span><\/p>\n<p><strong>Gimbal Recessed light with big tilt angle<\/strong><\/p>\n<p>The luminaires can be adjusted precisely for optimum beam alignment. The light, as a result, is emitted exactly where you need it.<\/p>\n<p><img loading=\"lazy\" decoding=\"async\" class=\"alignnone wp-image-2889 size-full\" title=\"1802 \u5c3a\u5bf8\u56fe\" src=\"https:\/\/www.omnizoomstudio.com\/wp-content\/uploads\/2024\/03\/1802-\u5c3a\u5bf8\u56fe.jpg\" alt=\"#1802 Lycra recessed light: spotlight, wall wash compatible, wide tilt angle, perfect for targeted illumination and aesthetic displays\u5c3a\u5bf8\u56fe\" width=\"1000\" height=\"707\" srcset=\"https:\/\/www.omnizoomstudio.com\/wp-content\/uploads\/2024\/03\/1802-\u5c3a\u5bf8\u56fe.jpg 1000w, https:\/\/www.omnizoomstudio.com\/wp-content\/uploads\/2024\/03\/1802-\u5c3a\u5bf8\u56fe-300x212.jpg 300w, https:\/\/www.omnizoomstudio.com\/wp-content\/uploads\/2024\/03\/1802-\u5c3a\u5bf8\u56fe-768x543.jpg 768w, https:\/\/www.omnizoomstudio.com\/wp-content\/uploads\/2024\/03\/1802-\u5c3a\u5bf8\u56fe-800x566.jpg 800w, https:\/\/www.omnizoomstudio.com\/wp-content\/uploads\/2024\/03\/1802-\u5c3a\u5bf8\u56fe-150x106.jpg 150w\" sizes=\"auto, (max-width: 1000px) 100vw, 1000px\" \/><\/p>\n<p><strong><span dir=\"LTR\">Application 1<\/span><\/strong><\/p>\n<p><img loading=\"lazy\" decoding=\"async\" class=\"alignnone wp-image-2890\" title=\"1\" src=\"https:\/\/www.omnizoomstudio.com\/wp-content\/uploads\/2024\/03\/1.jpg\" alt=\"#1802 Lycra recessed light: spotlight, wall wash compatible, wide tilt angle, perfect for targeted illumination and aesthetic displays\" width=\"667\" height=\"1018\" srcset=\"https:\/\/www.omnizoomstudio.com\/wp-content\/uploads\/2024\/03\/1.jpg 900w, https:\/\/www.omnizoomstudio.com\/wp-content\/uploads\/2024\/03\/1-197x300.jpg 197w, https:\/\/www.omnizoomstudio.com\/wp-content\/uploads\/2024\/03\/1-671x1024.jpg 671w, https:\/\/www.omnizoomstudio.com\/wp-content\/uploads\/2024\/03\/1-768x1172.jpg 768w, https:\/\/www.omnizoomstudio.com\/wp-content\/uploads\/2024\/03\/1-800x1220.jpg 800w, https:\/\/www.omnizoomstudio.com\/wp-content\/uploads\/2024\/03\/1-150x229.jpg 150w\" sizes=\"auto, (max-width: 667px) 100vw, 667px\" \/><img loading=\"lazy\" decoding=\"async\" class=\"alignnone wp-image-3201\" title=\"1\" src=\"https:\/\/www.omnizoomstudio.com\/wp-content\/uploads\/2024\/03\/\u5fae\u4fe1\u56fe\u7247_20240704091545.png\" alt=\"\" width=\"642\" height=\"856\" srcset=\"https:\/\/www.omnizoomstudio.com\/wp-content\/uploads\/2024\/03\/\u5fae\u4fe1\u56fe\u7247_20240704091545.png 1152w, https:\/\/www.omnizoomstudio.com\/wp-content\/uploads\/2024\/03\/\u5fae\u4fe1\u56fe\u7247_20240704091545-225x300.png 225w, https:\/\/www.omnizoomstudio.com\/wp-content\/uploads\/2024\/03\/\u5fae\u4fe1\u56fe\u7247_20240704091545-768x1024.png 768w, https:\/\/www.omnizoomstudio.com\/wp-content\/uploads\/2024\/03\/\u5fae\u4fe1\u56fe\u7247_20240704091545-9x12.png 9w, https:\/\/www.omnizoomstudio.com\/wp-content\/uploads\/2024\/03\/\u5fae\u4fe1\u56fe\u7247_20240704091545-800x1067.png 800w, https:\/\/www.omnizoomstudio.com\/wp-content\/uploads\/2024\/03\/\u5fae\u4fe1\u56fe\u7247_20240704091545-150x200.png 150w\" sizes=\"auto, (max-width: 642px) 100vw, 642px\" \/><\/p>\n<p>&nbsp;<\/p>\n<p><span dir=\"LTR\">\u00a0Rearrange to oval with interchangeable optic.<\/span><\/p>\n<h3><span dir=\"LTR\">The Lycra story is not end\u2026<\/span><\/h3>\n<table width=\"587\">\n<tbody>\n<tr>\n<td colspan=\"3\" width=\"587\">Lycra &amp; Y-tech\u00a0 AC 220V\/9W<\/td>\n<\/tr>\n<tr>\n<td width=\"198\">Light remodeling round to oval<\/td>\n<td width=\"199\">Beam Angle:<br \/>\n11\u00ba-30\u00ba<\/td>\n<td width=\"190\">Cutout:<br \/>\n\u00f875mm<\/td>\n<\/tr>\n<tr>\n<td width=\"198\">zoomable technology<\/td>\n<td width=\"199\">Wattage :9W<\/td>\n<td width=\"190\">Input Voltage:<br \/>\nAC220V<\/td>\n<\/tr>\n<tr>\n<td width=\"198\">Light cuting<\/td>\n<td width=\"199\">Lumen:<br \/>\nMax angle 400 Lm<\/td>\n<td width=\"190\">Housing:<br \/>\nBlack\/ White<\/td>\n<\/tr>\n<tr>\n<td width=\"198\">Different light texture<\/td>\n<td width=\"199\">Colour Temp:<br \/>\n2700k\/3000K\/4000K\/6000K<\/td>\n<td width=\"190\">CRI: &gt;95<\/td>\n<\/tr>\n<tr>\n<td width=\"198\">Different light colours<\/td>\n<td width=\"199\">Installation:<br \/>\nCeiling Recessed<\/td>\n<td width=\"190\">IP Rating:<br \/>\nIP 50<\/td>\n<\/tr>\n<tr>\n<td width=\"198\">dimmable\uff1aTriac, DALI,\u2026<\/td>\n<td width=\"199\">Life time:<br \/>\n30000H-50000H<\/td>\n<td width=\"190\">Warranty:<br \/>\n3 Years<\/td>\n<\/tr>\n<tr>\n<td width=\"198\">Weight:275g<\/td>\n<td width=\"199\">Certification\uff1aCE<\/td>\n<td width=\"190\"><\/td>\n<\/tr>\n<\/tbody>\n<\/table>\n<p>&nbsp;<\/p>\n<p><a href=\"https:\/\/www.omnizoomstudio.com\/antman-led-spotlight-7w\/\">https:\/\/www.omnizoomstudio.com\/antman-led-spotlight-7w\/<\/a><\/p>\n<p><img loading=\"lazy\" decoding=\"async\" class=\"alignnone wp-image-936\" title=\"1\" src=\"https:\/\/www.omnizoomstudio.com\/wp-content\/uploads\/2020\/02\/2.jpg\" alt=\"#9063 AntMan Versatile and agile with super optical system Optimum accentuation and floodlighting\" width=\"413\" height=\"413\" srcset=\"https:\/\/www.omnizoomstudio.com\/wp-content\/uploads\/2020\/02\/2.jpg 900w, https:\/\/www.omnizoomstudio.com\/wp-content\/uploads\/2020\/02\/2-800x800.jpg 800w, https:\/\/www.omnizoomstudio.com\/wp-content\/uploads\/2020\/02\/2-150x150.jpg 150w, https:\/\/www.omnizoomstudio.com\/wp-content\/uploads\/2020\/02\/2-300x300.jpg 300w, https:\/\/www.omnizoomstudio.com\/wp-content\/uploads\/2020\/02\/2-768x768.jpg 768w, https:\/\/www.omnizoomstudio.com\/wp-content\/uploads\/2020\/02\/2-600x600.jpg 600w, https:\/\/www.omnizoomstudio.com\/wp-content\/uploads\/2020\/02\/2-100x100.jpg 100w, https:\/\/www.omnizoomstudio.com\/wp-content\/uploads\/2020\/02\/2-400x400.jpg 400w\" sizes=\"auto, (max-width: 413px) 100vw, 413px\" \/><\/p>\n<div id=\"gtx-trans\" style=\"position: absolute; left: -1px; top: 5508.38px;\">\n<div class=\"gtx-trans-icon\"><\/div>\n<\/div>","protected":false},"excerpt":{"rendered":"<p>The #1802 Omnizoomstudio original design Lycra recessed light is dedicated to enhancing the quality of any space by combining high CRI LED with precise optics, designed to function as a spotlight. Additionally, it is compatible with wall wash lights through additional accessories, expanding its application range. Its wide 45-degree tilt angle effortlessly covers the illuminated surface, making it particularly suitable for meticulously planned spaces like boutique hotels that require focused lighting and compatibility with art displays. Equipped with innovative Y-TECH technology and adjustable focus function, this recessed LED light provides unparalleled flexibility, allowing dynamic adjustments according to creative vision. Whether used individually or in combination, it adds unique charm to eye-catching spatial lighting displays. Over the past year, our product managers and application lighting designers strongly recommend pairing it with the Y-Tech accessory G120 in over 3000+ sold-out product units.<\/p>","protected":false},"featured_media":2884,"template":"","meta":[],"product_brand":[],"product_cat":[287,19,20,22],"product_tag":[392],"yst_prominent_words":[65,60,58,134,57,100,62,56,52,55,70,68,63,64,66,111],"class_list":{"0":"post-2881","1":"product","2":"type-product","3":"status-publish","4":"has-post-thumbnail","6":"product_cat-art-gallery-lighting","7":"product_cat-commercial-display-lighting","8":"product_cat-ceiling-light","9":"product_cat-shop-lighting","10":"product_tag-spotlight","12":"first","13":"instock","14":"featured","15":"virtual","16":"sold-individually","17":"purchasable","18":"product-type-simple"},"_links":{"self":[{"href":"https:\/\/www.omnizoomstudio.com\/de\/wp-json\/wp\/v2\/product\/2881","targetHints":{"allow":["GET"]}}],"collection":[{"href":"https:\/\/www.omnizoomstudio.com\/de\/wp-json\/wp\/v2\/product"}],"about":[{"href":"https:\/\/www.omnizoomstudio.com\/de\/wp-json\/wp\/v2\/types\/product"}],"wp:featuredmedia":[{"embeddable":true,"href":"https:\/\/www.omnizoomstudio.com\/de\/wp-json\/wp\/v2\/media\/2884"}],"wp:attachment":[{"href":"https:\/\/www.omnizoomstudio.com\/de\/wp-json\/wp\/v2\/media?parent=2881"}],"wp:term":[{"taxonomy":"product_brand","embeddable":true,"href":"https:\/\/www.omnizoomstudio.com\/de\/wp-json\/wp\/v2\/product_brand?post=2881"},{"taxonomy":"product_cat","embeddable":true,"href":"https:\/\/www.omnizoomstudio.com\/de\/wp-json\/wp\/v2\/product_cat?post=2881"},{"taxonomy":"product_tag","embeddable":true,"href":"https:\/\/www.omnizoomstudio.com\/de\/wp-json\/wp\/v2\/product_tag?post=2881"},{"taxonomy":"yst_prominent_words","embeddable":true,"href":"https:\/\/www.omnizoomstudio.com\/de\/wp-json\/wp\/v2\/yst_prominent_words?post=2881"}],"curies":[{"name":"wp","href":"https:\/\/api.w.org\/{rel}","templated":true}]}}