{"id":2454,"date":"2023-04-28T08:53:06","date_gmt":"2023-04-28T08:53:06","guid":{"rendered":"https:\/\/www.omnizoomstudio.com\/?post_type=product&#038;p=2454"},"modified":"2024-03-31T22:42:37","modified_gmt":"2024-03-31T14:42:37","slug":"eyeled-focus-spotlight","status":"publish","type":"product","link":"https:\/\/www.omnizoomstudio.com\/es\/eyeled-focus-spotlight\/","title":{"rendered":"El ojo,foco led,luz empotrada led de techo para sal\u00f3n,iluminaci\u00f3n de estanter\u00edas,1W 8311"},"content":{"rendered":"<p dir=\"LTR\"><span style=\"font-size: 200%; color: #000000;\">EL OJO<\/span><\/p>\n<p>8311 1w led recessed downlight for jewelry cabinet <a href=\"https:\/\/www.omnizoomstudio.com\/the-counter-family-jewelry-showcase-light\/\">display lighting<\/a><br \/>\nif you need it 12V or 24V ,or CRI 90(CREE XPG LED ),please just leave a message when you place an order.<\/p>\n<h2>Product features<\/h2>\n<p>1.Focus control the beam angle according to different objects<br \/>\n2.Uniform light,improve the utilization rate of light<br \/>\n3.Efficient heat dissipation technology,High class anodizing surface treatment<br \/>\n4.Easy installation and Safety design<\/p>\n<p><img loading=\"lazy\" decoding=\"async\" class=\"alignnone wp-image-2455 size-full\" title=\"\u672a\u6807\u9898 1\" src=\"https:\/\/www.omnizoomstudio.com\/wp-content\/uploads\/2023\/05\/\u672a\u6807\u9898-1.jpg\" alt=\"\u672a\u6807\u9898 1\" width=\"797\" height=\"440\" srcset=\"https:\/\/www.omnizoomstudio.com\/wp-content\/uploads\/2023\/05\/\u672a\u6807\u9898-1.jpg 797w, https:\/\/www.omnizoomstudio.com\/wp-content\/uploads\/2023\/05\/\u672a\u6807\u9898-1-150x83.jpg 150w, https:\/\/www.omnizoomstudio.com\/wp-content\/uploads\/2023\/05\/\u672a\u6807\u9898-1-600x331.jpg 600w, https:\/\/www.omnizoomstudio.com\/wp-content\/uploads\/2023\/05\/\u672a\u6807\u9898-1-300x166.jpg 300w, https:\/\/www.omnizoomstudio.com\/wp-content\/uploads\/2023\/05\/\u672a\u6807\u9898-1-768x424.jpg 768w\" sizes=\"auto, (max-width: 797px) 100vw, 797px\" \/><img decoding=\"async\" title=\"8311 1\" src=\"https:\/\/cdn.shopify.com\/s\/files\/1\/0198\/4642\/files\/8311_1.png?13447166934125330144\" alt=\"8311 1\" \/><\/p>\n<p>Rotaci\u00f3n del nivel del mar de 360\u00b0 ajustable<br \/>\nLa rotaci\u00f3n de 360\u00b0 a nivel del mar satisface una gama completa de proyecci\u00f3n de luz, dondequiera que est\u00e9 el objeto, la maya enfocable puede encontrarlo y hacerlo llamativo.<br \/>\n<img decoding=\"async\" title=\"9036 8c302295 25bf 45d6 8826 5771cc49b5d2\" src=\"https:\/\/cdn.shopify.com\/s\/files\/1\/0198\/4642\/files\/9036_8c302295-25bf-45d6-8826-5771cc49b5d2.png?v=1472109562\" alt=\"9036 8c302295 25bf 45d6 8826 5771cc49b5d2\" \/><\/p>\n<p><strong>A classical focusable product<br \/>\n<\/strong>The Focusing function can solve the problems of the illumination scope selection difficulty. And the 360\u00b0rotatable function offers more freedom to utilize the light.<\/p>\n<p>The classical and practical product with LEDING THE LIFE flexi focus control technology is born with a long time tempered stylish design.<\/p>\n<p><img loading=\"lazy\" decoding=\"async\" class=\"alignnone wp-image-2459 size-full\" title=\"8311ajustable 1\" src=\"https:\/\/www.omnizoomstudio.com\/wp-content\/uploads\/2023\/05\/8311adjustable_1.gif\" alt=\"8311adjustable 1\" width=\"750\" height=\"364\" \/><\/p>\n<p>&nbsp;<\/p>\n<p>&nbsp;<\/p>\n<h2>Aplicaci\u00f3n<\/h2>\n<p><img loading=\"lazy\" decoding=\"async\" class=\"alignnone wp-image-2460 size-full\" title=\"\u672a\u6807\u9898 2 2\" src=\"https:\/\/www.omnizoomstudio.com\/wp-content\/uploads\/2023\/05\/\u672a\u6807\u9898-2-2.jpg\" alt=\"\u672a\u6807\u9898 2 2\" width=\"664\" height=\"440\" srcset=\"https:\/\/www.omnizoomstudio.com\/wp-content\/uploads\/2023\/05\/\u672a\u6807\u9898-2-2.jpg 664w, https:\/\/www.omnizoomstudio.com\/wp-content\/uploads\/2023\/05\/\u672a\u6807\u9898-2-2-150x99.jpg 150w, https:\/\/www.omnizoomstudio.com\/wp-content\/uploads\/2023\/05\/\u672a\u6807\u9898-2-2-600x398.jpg 600w, https:\/\/www.omnizoomstudio.com\/wp-content\/uploads\/2023\/05\/\u672a\u6807\u9898-2-2-300x199.jpg 300w\" sizes=\"auto, (max-width: 664px) 100vw, 664px\" \/><\/p>","protected":false},"excerpt":{"rendered":"<p>THE EYE 8311 1w led recessed downlight for jewelry cabinet display lighting if you need it 12V or 24V ,or<\/p>","protected":false},"featured_media":2456,"template":"","meta":[],"product_brand":[],"product_cat":[20],"product_tag":[404],"yst_prominent_words":[325,197,59],"class_list":{"0":"post-2454","1":"product","2":"type-product","3":"status-publish","4":"has-post-thumbnail","6":"product_cat-ceiling-light","7":"product_tag-led-focus-spotlight","9":"first","10":"instock","11":"shipping-taxable","12":"purchasable","13":"product-type-simple"},"_links":{"self":[{"href":"https:\/\/www.omnizoomstudio.com\/es\/wp-json\/wp\/v2\/product\/2454","targetHints":{"allow":["GET"]}}],"collection":[{"href":"https:\/\/www.omnizoomstudio.com\/es\/wp-json\/wp\/v2\/product"}],"about":[{"href":"https:\/\/www.omnizoomstudio.com\/es\/wp-json\/wp\/v2\/types\/product"}],"wp:featuredmedia":[{"embeddable":true,"href":"https:\/\/www.omnizoomstudio.com\/es\/wp-json\/wp\/v2\/media\/2456"}],"wp:attachment":[{"href":"https:\/\/www.omnizoomstudio.com\/es\/wp-json\/wp\/v2\/media?parent=2454"}],"wp:term":[{"taxonomy":"product_brand","embeddable":true,"href":"https:\/\/www.omnizoomstudio.com\/es\/wp-json\/wp\/v2\/product_brand?post=2454"},{"taxonomy":"product_cat","embeddable":true,"href":"https:\/\/www.omnizoomstudio.com\/es\/wp-json\/wp\/v2\/product_cat?post=2454"},{"taxonomy":"product_tag","embeddable":true,"href":"https:\/\/www.omnizoomstudio.com\/es\/wp-json\/wp\/v2\/product_tag?post=2454"},{"taxonomy":"yst_prominent_words","embeddable":true,"href":"https:\/\/www.omnizoomstudio.com\/es\/wp-json\/wp\/v2\/yst_prominent_words?post=2454"}],"curies":[{"name":"wp","href":"https:\/\/api.w.org\/{rel}","templated":true}]}}