{"id":3055,"date":"2024-01-30T16:46:45","date_gmt":"2024-01-30T08:46:45","guid":{"rendered":"https:\/\/www.omnizoomstudio.com\/?post_type=product&#038;p=3055"},"modified":"2025-06-18T16:11:13","modified_gmt":"2025-06-18T08:11:13","slug":"low-voltage-12v-48v-clip-in-fitting-track-light-1704-3w","status":"publish","type":"product","link":"https:\/\/www.omnizoomstudio.com\/es\/low-voltage-12v-48v-clip-in-fitting-track-light-1704-3w\/","title":{"rendered":"Low Voltage 12V-48V Clip-in fitting Track Light  #1704\/3W"},"content":{"rendered":"<h2><span style=\"font-size: 140%;\"><span dir=\"LTR\" style=\"color: #000000;\">Marco luminoso<\/span><span dir=\"LTR\" style=\"color: #000000;\">\u00a0Low Voltage 12V-48V Clip-in fitting Track light<\/span><\/span><\/h2>\n<div>\n<p dir=\"LTR\"><span style=\"color: #000000;\">La tecnolog\u00eda segura de bajo voltaje de 12 V con unidad de iluminaci\u00f3n de dise\u00f1o compacto y considerado denominada \"marco de iluminaci\u00f3n\" es conveniente para la visualizaci\u00f3n en espacios peque\u00f1os y f\u00e1cil de enchufar y desenchufar. Un proyector microzoom con un equipo especial acoplado para una iluminaci\u00f3n de exposici\u00f3n m\u00e1s profesional que proporciona una iluminaci\u00f3n viva, matizada y flexible.  Las aplicaciones consisten en proyectos minoristas, museos y galer\u00edas de arte en los que los dise\u00f1adores de iluminaci\u00f3n planifican una iluminaci\u00f3n discreta y eficaz.\u00a0 \u00a0<\/span><\/p>\n<h4 dir=\"LTR\"><strong>Mini encuadre luminoso con zoom de 23 mm <\/strong><\/h4>\n<p dir=\"LTR\"><strong><img loading=\"lazy\" decoding=\"async\" class=\"alignnone wp-image-3070\" src=\"https:\/\/www.omnizoomstudio.com\/wp-content\/uploads\/2024\/05\/\u5e94\u75283.jpg\" alt=\"\" width=\"490\" height=\"653\" srcset=\"https:\/\/www.omnizoomstudio.com\/wp-content\/uploads\/2024\/05\/\u5e94\u75283.jpg 1000w, https:\/\/www.omnizoomstudio.com\/wp-content\/uploads\/2024\/05\/\u5e94\u75283-225x300.jpg 225w, https:\/\/www.omnizoomstudio.com\/wp-content\/uploads\/2024\/05\/\u5e94\u75283-768x1024.jpg 768w, https:\/\/www.omnizoomstudio.com\/wp-content\/uploads\/2024\/05\/\u5e94\u75283-800x1066.jpg 800w, https:\/\/www.omnizoomstudio.com\/wp-content\/uploads\/2024\/05\/\u5e94\u75283-150x200.jpg 150w\" sizes=\"auto, (max-width: 490px) 100vw, 490px\" \/><img loading=\"lazy\" decoding=\"async\" class=\"alignnone wp-image-3058\" src=\"https:\/\/www.omnizoomstudio.com\/wp-content\/uploads\/2024\/05\/\u672a\u6807\u9898-1.jpg\" alt=\"\" width=\"474\" height=\"310\" srcset=\"https:\/\/www.omnizoomstudio.com\/wp-content\/uploads\/2024\/05\/\u672a\u6807\u9898-1.jpg 988w, https:\/\/www.omnizoomstudio.com\/wp-content\/uploads\/2024\/05\/\u672a\u6807\u9898-1-300x196.jpg 300w, https:\/\/www.omnizoomstudio.com\/wp-content\/uploads\/2024\/05\/\u672a\u6807\u9898-1-768x502.jpg 768w, https:\/\/www.omnizoomstudio.com\/wp-content\/uploads\/2024\/05\/\u672a\u6807\u9898-1-800x523.jpg 800w, https:\/\/www.omnizoomstudio.com\/wp-content\/uploads\/2024\/05\/\u672a\u6807\u9898-1-150x98.jpg 150w\" sizes=\"auto, (max-width: 474px) 100vw, 474px\" \/><\/strong><\/p>\n<h4 dir=\"LTR\">1704\u00a0 12V Low Voltage Magnetic Small Rail Version 3W<\/h4>\n<p dir=\"LTR\"><strong><img loading=\"lazy\" decoding=\"async\" class=\"alignnone wp-image-3061\" src=\"https:\/\/www.omnizoomstudio.com\/wp-content\/uploads\/2024\/05\/\u5c3a\u5bf8\u56fe.jpg\" alt=\"\" width=\"746\" height=\"394\" srcset=\"https:\/\/www.omnizoomstudio.com\/wp-content\/uploads\/2024\/05\/\u5c3a\u5bf8\u56fe.jpg 619w, https:\/\/www.omnizoomstudio.com\/wp-content\/uploads\/2024\/05\/\u5c3a\u5bf8\u56fe-300x158.jpg 300w, https:\/\/www.omnizoomstudio.com\/wp-content\/uploads\/2024\/05\/\u5c3a\u5bf8\u56fe-150x79.jpg 150w\" sizes=\"auto, (max-width: 746px) 100vw, 746px\" \/>\u00a0 \u00a0 \u00a0 \u00a0 \u00a0 \u00a0<\/strong><\/p>\n<p dir=\"LTR\"><img loading=\"lazy\" decoding=\"async\" class=\"alignnone wp-image-3072\" src=\"https:\/\/www.omnizoomstudio.com\/wp-content\/uploads\/2024\/05\/23mm-1.jpg\" alt=\"\" width=\"464\" height=\"502\" srcset=\"https:\/\/www.omnizoomstudio.com\/wp-content\/uploads\/2024\/05\/23mm-1.jpg 1000w, https:\/\/www.omnizoomstudio.com\/wp-content\/uploads\/2024\/05\/23mm-1-278x300.jpg 278w, https:\/\/www.omnizoomstudio.com\/wp-content\/uploads\/2024\/05\/23mm-1-947x1024.jpg 947w, https:\/\/www.omnizoomstudio.com\/wp-content\/uploads\/2024\/05\/23mm-1-768x830.jpg 768w, https:\/\/www.omnizoomstudio.com\/wp-content\/uploads\/2024\/05\/23mm-1-800x865.jpg 800w, https:\/\/www.omnizoomstudio.com\/wp-content\/uploads\/2024\/05\/23mm-1-150x162.jpg 150w\" sizes=\"auto, (max-width: 464px) 100vw, 464px\" \/><\/p>\n<p dir=\"LTR\"><strong><img loading=\"lazy\" decoding=\"async\" class=\"alignnone wp-image-3116\" src=\"https:\/\/www.omnizoomstudio.com\/wp-content\/uploads\/2024\/05\/\u78c1\u6027\u5c3a\u5bf8.jpg\" alt=\"\" width=\"493\" height=\"279\" srcset=\"https:\/\/www.omnizoomstudio.com\/wp-content\/uploads\/2024\/05\/\u78c1\u6027\u5c3a\u5bf8.jpg 2004w, https:\/\/www.omnizoomstudio.com\/wp-content\/uploads\/2024\/05\/\u78c1\u6027\u5c3a\u5bf8-300x170.jpg 300w, https:\/\/www.omnizoomstudio.com\/wp-content\/uploads\/2024\/05\/\u78c1\u6027\u5c3a\u5bf8-1024x580.jpg 1024w, https:\/\/www.omnizoomstudio.com\/wp-content\/uploads\/2024\/05\/\u78c1\u6027\u5c3a\u5bf8-768x435.jpg 768w, https:\/\/www.omnizoomstudio.com\/wp-content\/uploads\/2024\/05\/\u78c1\u6027\u5c3a\u5bf8-1536x871.jpg 1536w, https:\/\/www.omnizoomstudio.com\/wp-content\/uploads\/2024\/05\/\u78c1\u6027\u5c3a\u5bf8-18x10.jpg 18w, https:\/\/www.omnizoomstudio.com\/wp-content\/uploads\/2024\/05\/\u78c1\u6027\u5c3a\u5bf8-800x453.jpg 800w, https:\/\/www.omnizoomstudio.com\/wp-content\/uploads\/2024\/05\/\u78c1\u6027\u5c3a\u5bf8-150x85.jpg 150w\" sizes=\"auto, (max-width: 493px) 100vw, 493px\" \/><\/strong><\/p>\n<p dir=\"LTR\">Low Voltage 12V-48V Clip-in fitting Track<br \/>\nItem No.\uff1aG138<br \/>\nRegular track: 50cm\uff0819.7in\uff09<\/p>\n<p dir=\"LTR\"><strong><img loading=\"lazy\" decoding=\"async\" class=\"alignnone wp-image-3208\" src=\"https:\/\/www.omnizoomstudio.com\/wp-content\/uploads\/2024\/05\/1-2.gif\" alt=\"\" width=\"466\" height=\"621\" \/><\/strong><\/p>\n<p dir=\"LTR\"><strong><img loading=\"lazy\" decoding=\"async\" class=\"alignnone wp-image-3120\" src=\"https:\/\/www.omnizoomstudio.com\/wp-content\/uploads\/2024\/05\/12V\u7535\u6e90-1.jpg\" alt=\"\" width=\"513\" height=\"199\" srcset=\"https:\/\/www.omnizoomstudio.com\/wp-content\/uploads\/2024\/05\/12V\u7535\u6e90-1.jpg 1000w, https:\/\/www.omnizoomstudio.com\/wp-content\/uploads\/2024\/05\/12V\u7535\u6e90-1-300x116.jpg 300w, https:\/\/www.omnizoomstudio.com\/wp-content\/uploads\/2024\/05\/12V\u7535\u6e90-1-768x298.jpg 768w, https:\/\/www.omnizoomstudio.com\/wp-content\/uploads\/2024\/05\/12V\u7535\u6e90-1-18x7.jpg 18w, https:\/\/www.omnizoomstudio.com\/wp-content\/uploads\/2024\/05\/12V\u7535\u6e90-1-800x310.jpg 800w, https:\/\/www.omnizoomstudio.com\/wp-content\/uploads\/2024\/05\/12V\u7535\u6e90-1-150x58.jpg 150w\" sizes=\"auto, (max-width: 513px) 100vw, 513px\" \/><\/strong><\/p>\n<p dir=\"LTR\">ERP AC-Dc driver<br \/>\nDC OUTPUT:<br \/>\nMax Current 5A<br \/>\nMaximun Power 60W<br \/>\nRegulated Voltage 12 Vdc<\/p>\n<h4 dir=\"LTR\">\u00a0\u00c1ngulo del haz:18\u00ba-35\u00ba<\/h4>\n<p dir=\"LTR\"><img loading=\"lazy\" decoding=\"async\" class=\"alignnone wp-image-3063\" src=\"https:\/\/www.omnizoomstudio.com\/wp-content\/uploads\/2024\/05\/46f3c0a065118c187da18a16d46aa19.jpg\" alt=\"\" width=\"475\" height=\"475\" srcset=\"https:\/\/www.omnizoomstudio.com\/wp-content\/uploads\/2024\/05\/46f3c0a065118c187da18a16d46aa19.jpg 1080w, https:\/\/www.omnizoomstudio.com\/wp-content\/uploads\/2024\/05\/46f3c0a065118c187da18a16d46aa19-300x300.jpg 300w, https:\/\/www.omnizoomstudio.com\/wp-content\/uploads\/2024\/05\/46f3c0a065118c187da18a16d46aa19-1024x1024.jpg 1024w, https:\/\/www.omnizoomstudio.com\/wp-content\/uploads\/2024\/05\/46f3c0a065118c187da18a16d46aa19-150x150.jpg 150w, https:\/\/www.omnizoomstudio.com\/wp-content\/uploads\/2024\/05\/46f3c0a065118c187da18a16d46aa19-768x768.jpg 768w, https:\/\/www.omnizoomstudio.com\/wp-content\/uploads\/2024\/05\/46f3c0a065118c187da18a16d46aa19-800x800.jpg 800w\" sizes=\"auto, (max-width: 475px) 100vw, 475px\" \/><\/p>\n<h4 dir=\"LTR\"><strong>1706 12V Low Voltage Surface Mount Version 3W<\/strong><\/h4>\n<p><img loading=\"lazy\" decoding=\"async\" class=\"alignnone wp-image-3059\" src=\"https:\/\/www.omnizoomstudio.com\/wp-content\/uploads\/2024\/05\/1705\uff08\u4ea7\u54c1\uff09\u4f4e\u538b\u660e\u88c5\u7248-3W-1.jpg\" alt=\"\" width=\"314\" height=\"489\" srcset=\"https:\/\/www.omnizoomstudio.com\/wp-content\/uploads\/2024\/05\/1705\uff08\u4ea7\u54c1\uff09\u4f4e\u538b\u660e\u88c5\u7248-3W-1.jpg 683w, https:\/\/www.omnizoomstudio.com\/wp-content\/uploads\/2024\/05\/1705\uff08\u4ea7\u54c1\uff09\u4f4e\u538b\u660e\u88c5\u7248-3W-1-193x300.jpg 193w, https:\/\/www.omnizoomstudio.com\/wp-content\/uploads\/2024\/05\/1705\uff08\u4ea7\u54c1\uff09\u4f4e\u538b\u660e\u88c5\u7248-3W-1-659x1024.jpg 659w, https:\/\/www.omnizoomstudio.com\/wp-content\/uploads\/2024\/05\/1705\uff08\u4ea7\u54c1\uff09\u4f4e\u538b\u660e\u88c5\u7248-3W-1-150x233.jpg 150w\" sizes=\"auto, (max-width: 314px) 100vw, 314px\" \/><\/p>\n<h4 dir=\"LTR\">1705 12V Low Voltage Ceiling Light 3W<\/h4>\n<\/div>\n<p><img loading=\"lazy\" decoding=\"async\" class=\"alignnone wp-image-3057\" src=\"https:\/\/www.omnizoomstudio.com\/wp-content\/uploads\/2024\/05\/1706\uff08\u4ea7\u54c1\uff09\u4f4e\u538b\u5929\u82b1\u706f-3W-1.jpg\" alt=\"\" width=\"398\" height=\"376\" srcset=\"https:\/\/www.omnizoomstudio.com\/wp-content\/uploads\/2024\/05\/1706\uff08\u4ea7\u54c1\uff09\u4f4e\u538b\u5929\u82b1\u706f-3W-1.jpg 972w, https:\/\/www.omnizoomstudio.com\/wp-content\/uploads\/2024\/05\/1706\uff08\u4ea7\u54c1\uff09\u4f4e\u538b\u5929\u82b1\u706f-3W-1-300x283.jpg 300w, https:\/\/www.omnizoomstudio.com\/wp-content\/uploads\/2024\/05\/1706\uff08\u4ea7\u54c1\uff09\u4f4e\u538b\u5929\u82b1\u706f-3W-1-768x725.jpg 768w, https:\/\/www.omnizoomstudio.com\/wp-content\/uploads\/2024\/05\/1706\uff08\u4ea7\u54c1\uff09\u4f4e\u538b\u5929\u82b1\u706f-3W-1-800x756.jpg 800w, https:\/\/www.omnizoomstudio.com\/wp-content\/uploads\/2024\/05\/1706\uff08\u4ea7\u54c1\uff09\u4f4e\u538b\u5929\u82b1\u706f-3W-1-150x142.jpg 150w\" sizes=\"auto, (max-width: 398px) 100vw, 398px\" \/><\/p>\n<p><img loading=\"lazy\" decoding=\"async\" class=\"alignnone wp-image-3119\" src=\"https:\/\/www.omnizoomstudio.com\/wp-content\/uploads\/2024\/05\/1705\u5929\u82b1\u706f-.jpg\" alt=\"\" width=\"480\" height=\"645\" srcset=\"https:\/\/www.omnizoomstudio.com\/wp-content\/uploads\/2024\/05\/1705\u5929\u82b1\u706f-.jpg 1000w, https:\/\/www.omnizoomstudio.com\/wp-content\/uploads\/2024\/05\/1705\u5929\u82b1\u706f--223x300.jpg 223w, https:\/\/www.omnizoomstudio.com\/wp-content\/uploads\/2024\/05\/1705\u5929\u82b1\u706f--762x1024.jpg 762w, https:\/\/www.omnizoomstudio.com\/wp-content\/uploads\/2024\/05\/1705\u5929\u82b1\u706f--768x1031.jpg 768w, https:\/\/www.omnizoomstudio.com\/wp-content\/uploads\/2024\/05\/1705\u5929\u82b1\u706f--9x12.jpg 9w, https:\/\/www.omnizoomstudio.com\/wp-content\/uploads\/2024\/05\/1705\u5929\u82b1\u706f--800x1074.jpg 800w, https:\/\/www.omnizoomstudio.com\/wp-content\/uploads\/2024\/05\/1705\u5929\u82b1\u706f--150x201.jpg 150w\" sizes=\"auto, (max-width: 480px) 100vw, 480px\" \/><\/p>\n<p>&nbsp;<\/p>\n<table width=\"823\">\n<tbody>\n<tr>\n<td colspan=\"3\" width=\"823\"><strong>Iluminaci\u00f3n marco 12V 3W<\/strong><\/td>\n<\/tr>\n<tr>\n<td width=\"256\">Remodelaci\u00f3n ligera redonda a oval<\/td>\n<td width=\"309\">\u00c1ngulo del haz:18\u00ba-35\u00ba<\/td>\n<td width=\"258\">Corte:N\/A\uff08V\u00eda de baja tensi\u00f3n\uff09<\/td>\n<\/tr>\n<tr>\n<td width=\"256\">Tecnolog\u00eda zoomable\u00c1ngulo de haz 18\u00ba-35\u00ba<\/td>\n<td width=\"309\">Lumen:3W 42LM<\/td>\n<td width=\"258\">Tensi\u00f3n de entrada:12 V<\/td>\n<\/tr>\n<tr>\n<td>Diferente textura de la luz<\/td>\n<td width=\"309\">Temperatura de color: 4000KCRI: Ra 95<\/td>\n<td width=\"258\">Color de la carrocer\u00eda:Negro<\/td>\n<\/tr>\n<tr>\n<td>Diferentes colores de luz<\/td>\n<td>Instalaci\u00f3n:Carril de baja tensi\u00f3n<\/td>\n<td>Potencia :3W<\/td>\n<\/tr>\n<tr>\n<td>LED de alta potencia seleccionadosCantidad de LED: 1PC<\/td>\n<td>Vida \u00fatil:30000H-50000H<\/td>\n<td>Garant\u00eda:2 a\u00f1os<\/td>\n<\/tr>\n<tr>\n<td>Peso:3W 75g<\/td>\n<td>Clasificaci\u00f3n IP:IP 50<\/td>\n<td>Certificaci\u00f3n\uff1aCE<\/td>\n<\/tr>\n<\/tbody>\n<\/table>\n<p dir=\"LTR\">","protected":false},"excerpt":{"rendered":"<p>Lighting framing\u00a0Low Voltage 12V-48V Clip-in fitting Track light 12v Safe low voltage \u00a0technology with compact and considerate design lighting unit<\/p>","protected":false},"featured_media":3065,"template":"","meta":[],"product_brand":[],"product_cat":[287,19,418,15,288,24],"product_tag":[397,289,396],"yst_prominent_words":[100,93,98],"class_list":{"0":"post-3055","1":"product","2":"type-product","3":"status-publish","4":"has-post-thumbnail","6":"product_cat-art-gallery-lighting","7":"product_cat-commercial-display-lighting","8":"product_cat-framing-led-projectors","9":"product_cat-museum-lighting","10":"product_cat-showcase-light","11":"product_cat-track-spot-light","12":"product_tag-display-lighting","13":"product_tag-showcase-light","14":"product_tag-track-light","16":"first","17":"instock","18":"featured","19":"shipping-taxable","20":"purchasable","21":"product-type-simple"},"_links":{"self":[{"href":"https:\/\/www.omnizoomstudio.com\/es\/wp-json\/wp\/v2\/product\/3055","targetHints":{"allow":["GET"]}}],"collection":[{"href":"https:\/\/www.omnizoomstudio.com\/es\/wp-json\/wp\/v2\/product"}],"about":[{"href":"https:\/\/www.omnizoomstudio.com\/es\/wp-json\/wp\/v2\/types\/product"}],"wp:featuredmedia":[{"embeddable":true,"href":"https:\/\/www.omnizoomstudio.com\/es\/wp-json\/wp\/v2\/media\/3065"}],"wp:attachment":[{"href":"https:\/\/www.omnizoomstudio.com\/es\/wp-json\/wp\/v2\/media?parent=3055"}],"wp:term":[{"taxonomy":"product_brand","embeddable":true,"href":"https:\/\/www.omnizoomstudio.com\/es\/wp-json\/wp\/v2\/product_brand?post=3055"},{"taxonomy":"product_cat","embeddable":true,"href":"https:\/\/www.omnizoomstudio.com\/es\/wp-json\/wp\/v2\/product_cat?post=3055"},{"taxonomy":"product_tag","embeddable":true,"href":"https:\/\/www.omnizoomstudio.com\/es\/wp-json\/wp\/v2\/product_tag?post=3055"},{"taxonomy":"yst_prominent_words","embeddable":true,"href":"https:\/\/www.omnizoomstudio.com\/es\/wp-json\/wp\/v2\/yst_prominent_words?post=3055"}],"curies":[{"name":"wp","href":"https:\/\/api.w.org\/{rel}","templated":true}]}}