{"id":2538,"date":"2023-03-10T06:26:48","date_gmt":"2023-03-10T06:26:48","guid":{"rendered":"https:\/\/www.omnizoomstudio.com\/?post_type=product&#038;p=2538"},"modified":"2024-03-31T22:42:17","modified_gmt":"2024-03-31T14:42:17","slug":"display-cabinet-lighting-with-focus","status":"publish","type":"product","link":"https:\/\/www.omnizoomstudio.com\/es_mx\/display-cabinet-lighting-with-focus\/","title":{"rendered":"Iluminaci\u00f3n de vitrina con foco para libro de lectura 3319 1w"},"content":{"rendered":"<h2><strong>Caracter\u00edsticas<\/strong><\/h2>\n<ol>\n<li>Control de enfoque del \u00e1ngulo del haz en funci\u00f3n de los distintos objetos<\/li>\n<li>Luz uniforme, mejora la tasa de utilizaci\u00f3n de la luz<\/li>\n<li>Eficaz tecnolog\u00eda de disipaci\u00f3n del calor, tratamiento superficial de anodizado de alta calidad<\/li>\n<li>F\u00e1cil instalaci\u00f3n y dise\u00f1o seguro<\/li>\n<li>Foco LED<\/li>\n<li>s\u00f3lo utiliza 1 vatio de potencia, una soluci\u00f3n rentable y de bajo consumo para la iluminaci\u00f3n de armarios con leds<\/li>\n<\/ol>\n<p><img loading=\"lazy\" decoding=\"async\" class=\"alignnone wp-image-2539 size-full\" title=\"iluminaci\u00f3n de vitrinas\" src=\"https:\/\/www.omnizoomstudio.com\/wp-content\/uploads\/2023\/06\/3319.jpg\" alt=\"display cabinet lighting\" width=\"800\" height=\"800\" srcset=\"https:\/\/www.omnizoomstudio.com\/wp-content\/uploads\/2023\/06\/3319.jpg 800w, https:\/\/www.omnizoomstudio.com\/wp-content\/uploads\/2023\/06\/3319-150x150.jpg 150w, https:\/\/www.omnizoomstudio.com\/wp-content\/uploads\/2023\/06\/3319-300x300.jpg 300w, https:\/\/www.omnizoomstudio.com\/wp-content\/uploads\/2023\/06\/3319-600x600.jpg 600w, https:\/\/www.omnizoomstudio.com\/wp-content\/uploads\/2023\/06\/3319-768x768.jpg 768w, https:\/\/www.omnizoomstudio.com\/wp-content\/uploads\/2023\/06\/3319-400x400.jpg 400w\" sizes=\"auto, (max-width: 800px) 100vw, 800px\" \/><\/p>\n<p>Expertos en iluminaci\u00f3n de escaparates<br \/>\nEste iluminador es una integraci\u00f3n de la tecnolog\u00eda de control de enfoque y dise\u00f1o elegante. el producto puede ser zoomable de 10 \u00b0 ~ 37 \u00b0,<br \/>\npor lo que se pueden realizar diferentes tama\u00f1os de cono de haz y brillo estirando la parte frontal de la luz. De esta forma se pueden conseguir<br \/>\ny tama\u00f1os de siempre pueden destacarse como foco de apreciaci\u00f3n.<\/p>\n<p>30 grados de ajuste vertical<br \/>\nLa funci\u00f3n de ajuste vertical de 0-180 grados ofrece m\u00e1s libertad para iluminar el objeto que desee.<\/p>\n<p>Rotaci\u00f3n de 360\u00b0 a nivel del mar<br \/>\nLa rotaci\u00f3n de 360\u00b0 a nivel del mar satisface una gama completa de <a href=\"https:\/\/www.omnizoomstudio.com\/led-retail-display-light\/\">proyecci\u00f3n de luz<\/a>dondequiera que est\u00e9 el objeto, el cabezal enfocable puede encontrarlo y hacer<br \/>\nllama la atenci\u00f3n.<\/p>\n<p><img loading=\"lazy\" decoding=\"async\" class=\"alignnone wp-image-2549 size-full\" title=\"iluminaci\u00f3n de vitrinas\" src=\"https:\/\/www.omnizoomstudio.com\/wp-content\/uploads\/2023\/06\/2014.7.1_17.22.gif\" alt=\"display cabinet lighting\" width=\"750\" height=\"408\" \/> <img loading=\"lazy\" decoding=\"async\" class=\"alignnone wp-image-2548 size-full\" title=\"2014.7.1 17.4\" src=\"https:\/\/www.omnizoomstudio.com\/wp-content\/uploads\/2023\/06\/2014.7.1_17.4.gif\" alt=\"2014.7.1 17.4\" width=\"750\" height=\"403\" \/><\/p>\n<h2>Detalle del producto<\/h2>\n<p><img loading=\"lazy\" decoding=\"async\" class=\"alignnone wp-image-2546 size-full\" title=\"iluminaci\u00f3n de vitrinas\" src=\"https:\/\/www.omnizoomstudio.com\/wp-content\/uploads\/2023\/06\/3-3.jpg\" alt=\"display cabinet lighting\" width=\"746\" height=\"580\" srcset=\"https:\/\/www.omnizoomstudio.com\/wp-content\/uploads\/2023\/06\/3-3.jpg 746w, https:\/\/www.omnizoomstudio.com\/wp-content\/uploads\/2023\/06\/3-3-150x117.jpg 150w, https:\/\/www.omnizoomstudio.com\/wp-content\/uploads\/2023\/06\/3-3-600x466.jpg 600w, https:\/\/www.omnizoomstudio.com\/wp-content\/uploads\/2023\/06\/3-3-300x233.jpg 300w\" sizes=\"auto, (max-width: 746px) 100vw, 746px\" \/> <img loading=\"lazy\" decoding=\"async\" class=\"alignnone wp-image-2545 size-full\" title=\"iluminaci\u00f3n de vitrinas\" src=\"https:\/\/www.omnizoomstudio.com\/wp-content\/uploads\/2023\/06\/2-3.jpg\" alt=\"display cabinet lighting\" width=\"746\" height=\"580\" srcset=\"https:\/\/www.omnizoomstudio.com\/wp-content\/uploads\/2023\/06\/2-3.jpg 746w, https:\/\/www.omnizoomstudio.com\/wp-content\/uploads\/2023\/06\/2-3-150x117.jpg 150w, https:\/\/www.omnizoomstudio.com\/wp-content\/uploads\/2023\/06\/2-3-600x466.jpg 600w, https:\/\/www.omnizoomstudio.com\/wp-content\/uploads\/2023\/06\/2-3-300x233.jpg 300w\" sizes=\"auto, (max-width: 746px) 100vw, 746px\" \/> <img loading=\"lazy\" decoding=\"async\" class=\"alignnone wp-image-2544 size-full\" title=\"iluminaci\u00f3n de vitrinas\" src=\"https:\/\/www.omnizoomstudio.com\/wp-content\/uploads\/2023\/06\/1-3.jpg\" alt=\"display cabinet lighting\" width=\"750\" height=\"508\" srcset=\"https:\/\/www.omnizoomstudio.com\/wp-content\/uploads\/2023\/06\/1-3.jpg 750w, https:\/\/www.omnizoomstudio.com\/wp-content\/uploads\/2023\/06\/1-3-150x102.jpg 150w, https:\/\/www.omnizoomstudio.com\/wp-content\/uploads\/2023\/06\/1-3-600x406.jpg 600w, https:\/\/www.omnizoomstudio.com\/wp-content\/uploads\/2023\/06\/1-3-300x203.jpg 300w\" sizes=\"auto, (max-width: 750px) 100vw, 750px\" \/><\/p>\n<table width=\"901\">\n<tbody>\n<tr>\n<td colspan=\"3\" width=\"901\">Familia de contadores AC220V 1W\/3W<\/td>\n<\/tr>\n<tr>\n<td width=\"334\">\u00c1ngulo del haz:<br \/>\n10\u00ba-37\u00ba<\/td>\n<td width=\"309\">LED: LED de alta selecci\u00f3n<\/td>\n<td width=\"258\">Potencia :<br \/>\n1W<\/td>\n<\/tr>\n<tr>\n<td width=\"334\">Lumen:<br \/>\n1W\/50Lm<\/td>\n<td width=\"309\">Tensi\u00f3n de entrada:AC220V<\/td>\n<td>regulable\uff1aNO<\/td>\n<\/tr>\n<tr>\n<td width=\"334\">Temperatura de color: 2700k\/3000K\/4000K<\/td>\n<td width=\"309\">Color de la carrocer\u00eda:<br \/>\nNegro\/Blanco\/Plata<\/td>\n<td>CRI: &gt;90<\/td>\n<\/tr>\n<tr>\n<td width=\"334\">Instalaci\u00f3n:<br \/>\nmontado en superficie<\/td>\n<td width=\"309\">Clasificaci\u00f3n IP:<br \/>\nIP 50<\/td>\n<td width=\"258\">Peso:<br \/>\n123g<\/td>\n<\/tr>\n<tr>\n<td width=\"334\">De por vida:<br \/>\n30000H-50000H<\/td>\n<td width=\"309\">Garant\u00eda:<br \/>\n3 a\u00f1os<\/td>\n<td>Certificaci\u00f3n\uff1aCE<\/td>\n<\/tr>\n<\/tbody>\n<\/table>","protected":false},"excerpt":{"rendered":"<p>Features Focus control the beam angle according to different objects Uniform light,improve the utilization rate of light Efficient heat dissipation<\/p>","protected":false},"featured_media":2543,"template":"","meta":[],"product_brand":[],"product_cat":[287,19,15,288],"product_tag":[405,289],"yst_prominent_words":[144,65,60,58,325,197,59,100],"class_list":{"0":"post-2538","1":"product","2":"type-product","3":"status-publish","4":"has-post-thumbnail","6":"product_cat-art-gallery-lighting","7":"product_cat-commercial-display-lighting","8":"product_cat-museum-lighting","9":"product_cat-showcase-light","10":"product_tag-display-cabinet-lighting","11":"product_tag-showcase-light","13":"first","14":"instock","15":"featured","16":"virtual","17":"purchasable","18":"product-type-simple"},"_links":{"self":[{"href":"https:\/\/www.omnizoomstudio.com\/es_mx\/wp-json\/wp\/v2\/product\/2538","targetHints":{"allow":["GET"]}}],"collection":[{"href":"https:\/\/www.omnizoomstudio.com\/es_mx\/wp-json\/wp\/v2\/product"}],"about":[{"href":"https:\/\/www.omnizoomstudio.com\/es_mx\/wp-json\/wp\/v2\/types\/product"}],"wp:featuredmedia":[{"embeddable":true,"href":"https:\/\/www.omnizoomstudio.com\/es_mx\/wp-json\/wp\/v2\/media\/2543"}],"wp:attachment":[{"href":"https:\/\/www.omnizoomstudio.com\/es_mx\/wp-json\/wp\/v2\/media?parent=2538"}],"wp:term":[{"taxonomy":"product_brand","embeddable":true,"href":"https:\/\/www.omnizoomstudio.com\/es_mx\/wp-json\/wp\/v2\/product_brand?post=2538"},{"taxonomy":"product_cat","embeddable":true,"href":"https:\/\/www.omnizoomstudio.com\/es_mx\/wp-json\/wp\/v2\/product_cat?post=2538"},{"taxonomy":"product_tag","embeddable":true,"href":"https:\/\/www.omnizoomstudio.com\/es_mx\/wp-json\/wp\/v2\/product_tag?post=2538"},{"taxonomy":"yst_prominent_words","embeddable":true,"href":"https:\/\/www.omnizoomstudio.com\/es_mx\/wp-json\/wp\/v2\/yst_prominent_words?post=2538"}],"curies":[{"name":"wp","href":"https:\/\/api.w.org\/{rel}","templated":true}]}}