{"id":2029,"date":"2020-01-07T08:59:08","date_gmt":"2020-01-07T08:59:08","guid":{"rendered":"https:\/\/www.omnizoomstudio.com\/?post_type=product&#038;p=2029"},"modified":"2024-05-20T11:40:19","modified_gmt":"2024-05-20T03:40:19","slug":"floor-reading-lamp","status":"publish","type":"product","link":"https:\/\/www.omnizoomstudio.com\/tr\/floor-reading-lamp\/","title":{"rendered":"Ta\u015f\u0131nabilir zemin lambas\u0131 yak\u0131nla\u015ft\u0131r\u0131labilir ve Y-tech \/CEO Gear+Be\u015f format bir arada ve e\u011flenceli CEO omnizoom#5671\/72"},"content":{"rendered":"<h2>CEO E\u011flenceli zemin okuma lambas\u0131<\/h2>\n<p>CEO i\u00e7in \u00f6zel olarak \u00fcretilmi\u015f y\u00fcksek kaliteli g\u00f6z koruyucu okuma lambas\u0131. Yak\u0131nla\u015ft\u0131r\u0131labilir bir lens ve bir d\u00fc\u011fme ile tasarlanm\u0131\u015ft\u0131r<br \/>\n\u0131\u015f\u0131k g\u00f6vdesi \u00fczerinde dimmer. CEO zemin okuma lambas\u0131, herkese iyi \u0131\u015f\u0131k sa\u011flayan zarif ve pratik bir zemin lambas\u0131d\u0131r.<br \/>\nEvin ve ofisin k\u00f6\u015feleri. Lambay\u0131 kanepenin, en sevdi\u011finiz koltu\u011fun arkas\u0131na yerle\u015ftirin veya sanat eserlerinizi ayd\u0131nlatmas\u0131na izin verin.<br \/>\nNereye yerle\u015ftirilirse yerle\u015ftirilsin, i\u015flevsel ve pratik olmas\u0131n\u0131 sa\u011flar <a href=\"https:\/\/www.omnizoomstudio.com\/the-zoomable-lights\/\">\u0131\u015f\u0131k<\/a>Tamamen ayd\u0131nl\u0131\u011f\u0131n isteklerine g\u00f6re.<\/p>\n<p><img loading=\"lazy\" decoding=\"async\" class=\"alignnone wp-image-2192 size-full\" title=\"CEO zemin lambas\u0131 2\" src=\"https:\/\/www.omnizoomstudio.com\/wp-content\/uploads\/2020\/11\/CEO-floor-lamp-2.png\" alt=\"Portable floor lamp zoomable\" width=\"790\" height=\"1200\" srcset=\"https:\/\/www.omnizoomstudio.com\/wp-content\/uploads\/2020\/11\/CEO-floor-lamp-2.png 790w, https:\/\/www.omnizoomstudio.com\/wp-content\/uploads\/2020\/11\/CEO-floor-lamp-2-150x228.png 150w, https:\/\/www.omnizoomstudio.com\/wp-content\/uploads\/2020\/11\/CEO-floor-lamp-2-600x911.png 600w, https:\/\/www.omnizoomstudio.com\/wp-content\/uploads\/2020\/11\/CEO-floor-lamp-2-198x300.png 198w, https:\/\/www.omnizoomstudio.com\/wp-content\/uploads\/2020\/11\/CEO-floor-lamp-2-674x1024.png 674w, https:\/\/www.omnizoomstudio.com\/wp-content\/uploads\/2020\/11\/CEO-floor-lamp-2-768x1167.png 768w\" sizes=\"auto, (max-width: 790px) 100vw, 790px\" \/><img loading=\"lazy\" decoding=\"async\" class=\"alignnone wp-image-2188\" title=\"uygulama 4 1\" src=\"https:\/\/www.omnizoomstudio.com\/wp-content\/uploads\/2020\/11\/application-4-1.jpg\" alt=\"application 4 1\" width=\"790\" height=\"1053\" srcset=\"https:\/\/www.omnizoomstudio.com\/wp-content\/uploads\/2020\/11\/application-4-1.jpg 600w, https:\/\/www.omnizoomstudio.com\/wp-content\/uploads\/2020\/11\/application-4-1-150x200.jpg 150w, https:\/\/www.omnizoomstudio.com\/wp-content\/uploads\/2020\/11\/application-4-1-225x300.jpg 225w\" sizes=\"auto, (max-width: 790px) 100vw, 790px\" \/><img loading=\"lazy\" decoding=\"async\" class=\"alignnone wp-image-2194 size-full\" title=\"CEO zemin lambas\u0131 3\" src=\"https:\/\/www.omnizoomstudio.com\/wp-content\/uploads\/2020\/11\/CEO-floor-lamp-3.png\" alt=\"Portable floor lamp zoomable\" width=\"790\" height=\"1003\" srcset=\"https:\/\/www.omnizoomstudio.com\/wp-content\/uploads\/2020\/11\/CEO-floor-lamp-3.png 790w, https:\/\/www.omnizoomstudio.com\/wp-content\/uploads\/2020\/11\/CEO-floor-lamp-3-150x190.png 150w, https:\/\/www.omnizoomstudio.com\/wp-content\/uploads\/2020\/11\/CEO-floor-lamp-3-600x762.png 600w, https:\/\/www.omnizoomstudio.com\/wp-content\/uploads\/2020\/11\/CEO-floor-lamp-3-236x300.png 236w, https:\/\/www.omnizoomstudio.com\/wp-content\/uploads\/2020\/11\/CEO-floor-lamp-3-768x975.png 768w\" sizes=\"auto, (max-width: 790px) 100vw, 790px\" \/><\/p>\n<p>-Omnizoom kademesiz zoom teknolojisi, dahili yak\u0131nla\u015ft\u0131r\u0131labilir lens, g\u00f6stermek i\u00e7in lamba ba\u015fl\u0131\u011f\u0131n\u0131 hafif\u00e7e itin ve \u00e7ekin<br \/>\nNesnenin boyutuna g\u00f6re farkl\u0131 spot boyutu. Ve iki \u00e7e\u015fit lens sunuyoruz, biri COB versiyonu,<br \/>\ndi\u011feri ise 3in1 versiyonudur. 5671 COB versiyonu \u0131\u015f\u0131n a\u00e7\u0131s\u0131 16\u00b0 ila 52\u00b0, 5672 3in1 versiyonu \u0131\u015f\u0131n a\u00e7\u0131s\u0131 10\u00b0 ila 40\u00b0'dir.<br \/>\n<img loading=\"lazy\" decoding=\"async\" class=\"alignnone wp-image-2209 size-full\" title=\"CEO zemin lambas\u0131 13\" src=\"https:\/\/www.omnizoomstudio.com\/wp-content\/uploads\/2020\/11\/CEO-floor-lamp-13.png\" alt=\"Portable floor lamp zoomable\" width=\"790\" height=\"814\" srcset=\"https:\/\/www.omnizoomstudio.com\/wp-content\/uploads\/2020\/11\/CEO-floor-lamp-13.png 790w, https:\/\/www.omnizoomstudio.com\/wp-content\/uploads\/2020\/11\/CEO-floor-lamp-13-150x155.png 150w, https:\/\/www.omnizoomstudio.com\/wp-content\/uploads\/2020\/11\/CEO-floor-lamp-13-600x618.png 600w, https:\/\/www.omnizoomstudio.com\/wp-content\/uploads\/2020\/11\/CEO-floor-lamp-13-291x300.png 291w, https:\/\/www.omnizoomstudio.com\/wp-content\/uploads\/2020\/11\/CEO-floor-lamp-13-768x791.png 768w\" sizes=\"auto, (max-width: 790px) 100vw, 790px\" \/><\/p>\n<p>-Ayr\u0131ca parlakl\u0131\u011f\u0131 kendi ihtiya\u00e7lar\u0131n\u0131za g\u00f6re ayarlaman\u0131za olanak tan\u0131yan bir dimmer ile donat\u0131lm\u0131\u015ft\u0131r. CEO kat<br \/>\nLamba metalden (VioGi Al\u00fcminyum) yap\u0131lm\u0131\u015ft\u0131r ve Siyah ve Beyaz renklerde mevcuttur.<br \/>\n<img loading=\"lazy\" decoding=\"async\" class=\"alignnone wp-image-2198 size-full\" title=\"CEO zemin lambas\u0131 5\" src=\"https:\/\/www.omnizoomstudio.com\/wp-content\/uploads\/2020\/11\/CEO-floor-lamp-5.png\" alt=\"Portable floor lamp zoomable\" width=\"790\" height=\"835\" srcset=\"https:\/\/www.omnizoomstudio.com\/wp-content\/uploads\/2020\/11\/CEO-floor-lamp-5.png 790w, https:\/\/www.omnizoomstudio.com\/wp-content\/uploads\/2020\/11\/CEO-floor-lamp-5-150x159.png 150w, https:\/\/www.omnizoomstudio.com\/wp-content\/uploads\/2020\/11\/CEO-floor-lamp-5-600x634.png 600w, https:\/\/www.omnizoomstudio.com\/wp-content\/uploads\/2020\/11\/CEO-floor-lamp-5-284x300.png 284w, https:\/\/www.omnizoomstudio.com\/wp-content\/uploads\/2020\/11\/CEO-floor-lamp-5-768x812.png 768w\" sizes=\"auto, (max-width: 790px) 100vw, 790px\" \/><br \/>\n<img loading=\"lazy\" decoding=\"async\" class=\"alignnone wp-image-2032 size-full\" title=\"Zemin Okuma Lambas\u0131 2\" src=\"https:\/\/www.omnizoomstudio.com\/wp-content\/uploads\/2020\/11\/Floor-Reading-light-2.jpg\" alt=\"Floor Reading light 2\" width=\"790\" height=\"999\" srcset=\"https:\/\/www.omnizoomstudio.com\/wp-content\/uploads\/2020\/11\/Floor-Reading-light-2.jpg 790w, https:\/\/www.omnizoomstudio.com\/wp-content\/uploads\/2020\/11\/Floor-Reading-light-2-150x190.jpg 150w, https:\/\/www.omnizoomstudio.com\/wp-content\/uploads\/2020\/11\/Floor-Reading-light-2-600x759.jpg 600w, https:\/\/www.omnizoomstudio.com\/wp-content\/uploads\/2020\/11\/Floor-Reading-light-2-237x300.jpg 237w, https:\/\/www.omnizoomstudio.com\/wp-content\/uploads\/2020\/11\/Floor-Reading-light-2-768x971.jpg 768w\" sizes=\"auto, (max-width: 790px) 100vw, 790px\" \/><br \/>\n<img loading=\"lazy\" decoding=\"async\" class=\"alignnone wp-image-2199 size-full\" title=\"CEO zemin lambas\u0131 6\" src=\"https:\/\/www.omnizoomstudio.com\/wp-content\/uploads\/2020\/11\/CEO-floor-lamp-6.png\" alt=\"Portable floor lamp zoomable\" width=\"790\" height=\"999\" srcset=\"https:\/\/www.omnizoomstudio.com\/wp-content\/uploads\/2020\/11\/CEO-floor-lamp-6.png 790w, https:\/\/www.omnizoomstudio.com\/wp-content\/uploads\/2020\/11\/CEO-floor-lamp-6-150x190.png 150w, https:\/\/www.omnizoomstudio.com\/wp-content\/uploads\/2020\/11\/CEO-floor-lamp-6-600x759.png 600w, https:\/\/www.omnizoomstudio.com\/wp-content\/uploads\/2020\/11\/CEO-floor-lamp-6-237x300.png 237w, https:\/\/www.omnizoomstudio.com\/wp-content\/uploads\/2020\/11\/CEO-floor-lamp-6-768x971.png 768w\" sizes=\"auto, (max-width: 790px) 100vw, 790px\" \/><br \/>\n<img loading=\"lazy\" decoding=\"async\" class=\"alignnone wp-image-2193 size-full\" title=\"CEO zemin lambas\u0131 3\" src=\"https:\/\/www.omnizoomstudio.com\/wp-content\/uploads\/2020\/11\/CEO-floor-lamp-3.jpg\" alt=\"Portable floor lamp zoomable\" width=\"790\" height=\"1049\" srcset=\"https:\/\/www.omnizoomstudio.com\/wp-content\/uploads\/2020\/11\/CEO-floor-lamp-3.jpg 790w, https:\/\/www.omnizoomstudio.com\/wp-content\/uploads\/2020\/11\/CEO-floor-lamp-3-150x199.jpg 150w, https:\/\/www.omnizoomstudio.com\/wp-content\/uploads\/2020\/11\/CEO-floor-lamp-3-600x797.jpg 600w, https:\/\/www.omnizoomstudio.com\/wp-content\/uploads\/2020\/11\/CEO-floor-lamp-3-226x300.jpg 226w, https:\/\/www.omnizoomstudio.com\/wp-content\/uploads\/2020\/11\/CEO-floor-lamp-3-771x1024.jpg 771w, https:\/\/www.omnizoomstudio.com\/wp-content\/uploads\/2020\/11\/CEO-floor-lamp-3-768x1020.jpg 768w\" sizes=\"auto, (max-width: 790px) 100vw, 790px\" \/><br \/>\n-12V g\u00fcvenli d\u00fc\u015f\u00fck voltaj, kazara elektrik \u00e7arpmas\u0131n\u0131 \u00f6nler. GS, UL sertifikal\u0131 12V adapt\u00f6r arac\u0131l\u0131\u011f\u0131yla.<br \/>\n<img loading=\"lazy\" decoding=\"async\" class=\"alignnone wp-image-2200 size-full\" title=\"CEO zemin lambas\u0131 7\" src=\"https:\/\/www.omnizoomstudio.com\/wp-content\/uploads\/2020\/11\/CEO-floor-lamp-7.png\" alt=\"Portable floor lamp zoomable\" width=\"790\" height=\"1003\" srcset=\"https:\/\/www.omnizoomstudio.com\/wp-content\/uploads\/2020\/11\/CEO-floor-lamp-7.png 790w, https:\/\/www.omnizoomstudio.com\/wp-content\/uploads\/2020\/11\/CEO-floor-lamp-7-150x190.png 150w, https:\/\/www.omnizoomstudio.com\/wp-content\/uploads\/2020\/11\/CEO-floor-lamp-7-600x762.png 600w, https:\/\/www.omnizoomstudio.com\/wp-content\/uploads\/2020\/11\/CEO-floor-lamp-7-236x300.png 236w, https:\/\/www.omnizoomstudio.com\/wp-content\/uploads\/2020\/11\/CEO-floor-lamp-7-768x975.png 768w\" sizes=\"auto, (max-width: 790px) 100vw, 790px\" \/><\/p>\n<h4><img loading=\"lazy\" decoding=\"async\" class=\"alignnone wp-image-2210 size-full\" title=\"CEO zemin lambas\u0131 11\" src=\"https:\/\/www.omnizoomstudio.com\/wp-content\/uploads\/2020\/11\/CEO-floor-lamp-11.png\" alt=\"CEO floor lamp 11\" width=\"790\" height=\"1001\" srcset=\"https:\/\/www.omnizoomstudio.com\/wp-content\/uploads\/2020\/11\/CEO-floor-lamp-11.png 790w, https:\/\/www.omnizoomstudio.com\/wp-content\/uploads\/2020\/11\/CEO-floor-lamp-11-150x190.png 150w, https:\/\/www.omnizoomstudio.com\/wp-content\/uploads\/2020\/11\/CEO-floor-lamp-11-600x760.png 600w, https:\/\/www.omnizoomstudio.com\/wp-content\/uploads\/2020\/11\/CEO-floor-lamp-11-237x300.png 237w, https:\/\/www.omnizoomstudio.com\/wp-content\/uploads\/2020\/11\/CEO-floor-lamp-11-768x973.png 768w\" sizes=\"auto, (max-width: 790px) 100vw, 790px\" \/> <img loading=\"lazy\" decoding=\"async\" class=\"alignnone wp-image-2211 size-full\" title=\"CEO zemin lambas\u0131 12\" src=\"https:\/\/www.omnizoomstudio.com\/wp-content\/uploads\/2020\/11\/CEO-floor-lamp-12.png\" alt=\"CEO floor lamp 12\" width=\"790\" height=\"1013\" srcset=\"https:\/\/www.omnizoomstudio.com\/wp-content\/uploads\/2020\/11\/CEO-floor-lamp-12.png 790w, https:\/\/www.omnizoomstudio.com\/wp-content\/uploads\/2020\/11\/CEO-floor-lamp-12-150x192.png 150w, https:\/\/www.omnizoomstudio.com\/wp-content\/uploads\/2020\/11\/CEO-floor-lamp-12-600x769.png 600w, https:\/\/www.omnizoomstudio.com\/wp-content\/uploads\/2020\/11\/CEO-floor-lamp-12-234x300.png 234w, https:\/\/www.omnizoomstudio.com\/wp-content\/uploads\/2020\/11\/CEO-floor-lamp-12-768x985.png 768w\" sizes=\"auto, (max-width: 790px) 100vw, 790px\" \/><br \/>\n<img loading=\"lazy\" decoding=\"async\" class=\"alignnone wp-image-2244 size-full\" title=\"CEO zemin lambas\u01318 2\" src=\"https:\/\/www.omnizoomstudio.com\/wp-content\/uploads\/2020\/11\/CEO-floor-lamp8-2.jpg\" alt=\"CEO floor lamp8 2\" width=\"790\" height=\"974\" srcset=\"https:\/\/www.omnizoomstudio.com\/wp-content\/uploads\/2020\/11\/CEO-floor-lamp8-2.jpg 790w, https:\/\/www.omnizoomstudio.com\/wp-content\/uploads\/2020\/11\/CEO-floor-lamp8-2-150x185.jpg 150w, https:\/\/www.omnizoomstudio.com\/wp-content\/uploads\/2020\/11\/CEO-floor-lamp8-2-600x740.jpg 600w, https:\/\/www.omnizoomstudio.com\/wp-content\/uploads\/2020\/11\/CEO-floor-lamp8-2-243x300.jpg 243w, https:\/\/www.omnizoomstudio.com\/wp-content\/uploads\/2020\/11\/CEO-floor-lamp8-2-768x947.jpg 768w\" sizes=\"auto, (max-width: 790px) 100vw, 790px\" \/><br \/>\n<img loading=\"lazy\" decoding=\"async\" class=\"alignnone wp-image-2035 size-full\" title=\"Zemin Okuma lambas\u0131 5\" src=\"https:\/\/www.omnizoomstudio.com\/wp-content\/uploads\/2020\/11\/Floor-Reading-light-5.jpg\" alt=\"Floor Reading light 5\" width=\"790\" height=\"677\" srcset=\"https:\/\/www.omnizoomstudio.com\/wp-content\/uploads\/2020\/11\/Floor-Reading-light-5.jpg 790w, https:\/\/www.omnizoomstudio.com\/wp-content\/uploads\/2020\/11\/Floor-Reading-light-5-150x129.jpg 150w, https:\/\/www.omnizoomstudio.com\/wp-content\/uploads\/2020\/11\/Floor-Reading-light-5-600x514.jpg 600w, https:\/\/www.omnizoomstudio.com\/wp-content\/uploads\/2020\/11\/Floor-Reading-light-5-300x257.jpg 300w, https:\/\/www.omnizoomstudio.com\/wp-content\/uploads\/2020\/11\/Floor-Reading-light-5-768x658.jpg 768w\" sizes=\"auto, (max-width: 790px) 100vw, 790px\" \/><br \/>\n<img loading=\"lazy\" decoding=\"async\" class=\"alignnone wp-image-2190 size-full\" title=\"CEO zemin lambas\u0131 1\" src=\"https:\/\/www.omnizoomstudio.com\/wp-content\/uploads\/2020\/11\/CEO-floor-lamp-1.jpg\" alt=\"CEO floor lamp 1\" width=\"790\" height=\"856\" srcset=\"https:\/\/www.omnizoomstudio.com\/wp-content\/uploads\/2020\/11\/CEO-floor-lamp-1.jpg 790w, https:\/\/www.omnizoomstudio.com\/wp-content\/uploads\/2020\/11\/CEO-floor-lamp-1-150x163.jpg 150w, https:\/\/www.omnizoomstudio.com\/wp-content\/uploads\/2020\/11\/CEO-floor-lamp-1-600x650.jpg 600w, https:\/\/www.omnizoomstudio.com\/wp-content\/uploads\/2020\/11\/CEO-floor-lamp-1-277x300.jpg 277w, https:\/\/www.omnizoomstudio.com\/wp-content\/uploads\/2020\/11\/CEO-floor-lamp-1-768x832.jpg 768w\" sizes=\"auto, (max-width: 790px) 100vw, 790px\" \/><\/h4>\n<p><img loading=\"lazy\" decoding=\"async\" class=\"alignnone wp-image-3041 size-full\" title=\"CEO zemin lambas\u0131 6\" src=\"https:\/\/www.omnizoomstudio.com\/wp-content\/uploads\/2020\/01\/\u9000\u5200\u69fd9mm.jpg\" alt=\"\" width=\"790\" height=\"1711\" srcset=\"https:\/\/www.omnizoomstudio.com\/wp-content\/uploads\/2020\/01\/\u9000\u5200\u69fd9mm.jpg 790w, https:\/\/www.omnizoomstudio.com\/wp-content\/uploads\/2020\/01\/\u9000\u5200\u69fd9mm-139x300.jpg 139w, https:\/\/www.omnizoomstudio.com\/wp-content\/uploads\/2020\/01\/\u9000\u5200\u69fd9mm-473x1024.jpg 473w, https:\/\/www.omnizoomstudio.com\/wp-content\/uploads\/2020\/01\/\u9000\u5200\u69fd9mm-768x1663.jpg 768w, https:\/\/www.omnizoomstudio.com\/wp-content\/uploads\/2020\/01\/\u9000\u5200\u69fd9mm-709x1536.jpg 709w, https:\/\/www.omnizoomstudio.com\/wp-content\/uploads\/2020\/01\/\u9000\u5200\u69fd9mm-150x325.jpg 150w\" sizes=\"auto, (max-width: 790px) 100vw, 790px\" \/><\/p>\n<h1><strong>-CEO zemin lambas\u0131 daha e\u011flenceli bir uygulama<\/strong><\/h1>\n<p><img loading=\"lazy\" decoding=\"async\" class=\"alignnone wp-image-2219 size-full\" title=\"uygulama12\" src=\"https:\/\/www.omnizoomstudio.com\/wp-content\/uploads\/2020\/11\/application12.jpg\" alt=\"application12\" width=\"790\" height=\"593\" srcset=\"https:\/\/www.omnizoomstudio.com\/wp-content\/uploads\/2020\/11\/application12.jpg 790w, https:\/\/www.omnizoomstudio.com\/wp-content\/uploads\/2020\/11\/application12-150x113.jpg 150w, https:\/\/www.omnizoomstudio.com\/wp-content\/uploads\/2020\/11\/application12-600x450.jpg 600w, https:\/\/www.omnizoomstudio.com\/wp-content\/uploads\/2020\/11\/application12-300x225.jpg 300w, https:\/\/www.omnizoomstudio.com\/wp-content\/uploads\/2020\/11\/application12-768x576.jpg 768w\" sizes=\"auto, (max-width: 790px) 100vw, 790px\" \/> <img loading=\"lazy\" decoding=\"async\" class=\"alignnone wp-image-2221 size-full\" title=\"uygulama14\" src=\"https:\/\/www.omnizoomstudio.com\/wp-content\/uploads\/2020\/11\/application14.jpg\" alt=\"Portable floor lamp zoomable\" width=\"790\" height=\"1053\" srcset=\"https:\/\/www.omnizoomstudio.com\/wp-content\/uploads\/2020\/11\/application14.jpg 790w, https:\/\/www.omnizoomstudio.com\/wp-content\/uploads\/2020\/11\/application14-150x200.jpg 150w, https:\/\/www.omnizoomstudio.com\/wp-content\/uploads\/2020\/11\/application14-600x800.jpg 600w, https:\/\/www.omnizoomstudio.com\/wp-content\/uploads\/2020\/11\/application14-225x300.jpg 225w, https:\/\/www.omnizoomstudio.com\/wp-content\/uploads\/2020\/11\/application14-768x1024.jpg 768w\" sizes=\"auto, (max-width: 790px) 100vw, 790px\" \/><img loading=\"lazy\" decoding=\"async\" class=\"alignnone wp-image-2220 size-full\" title=\"uygulama13\" src=\"https:\/\/www.omnizoomstudio.com\/wp-content\/uploads\/2020\/11\/application13.jpg\" alt=\"application13\" width=\"790\" height=\"1053\" srcset=\"https:\/\/www.omnizoomstudio.com\/wp-content\/uploads\/2020\/11\/application13.jpg 790w, https:\/\/www.omnizoomstudio.com\/wp-content\/uploads\/2020\/11\/application13-150x200.jpg 150w, https:\/\/www.omnizoomstudio.com\/wp-content\/uploads\/2020\/11\/application13-600x800.jpg 600w, https:\/\/www.omnizoomstudio.com\/wp-content\/uploads\/2020\/11\/application13-225x300.jpg 225w, https:\/\/www.omnizoomstudio.com\/wp-content\/uploads\/2020\/11\/application13-768x1024.jpg 768w\" sizes=\"auto, (max-width: 790px) 100vw, 790px\" \/><br \/>\n<img loading=\"lazy\" decoding=\"async\" class=\"alignnone wp-image-2212\" title=\"uygulama11\" src=\"https:\/\/www.omnizoomstudio.com\/wp-content\/uploads\/2020\/11\/application11.jpg\" alt=\"Portable floor lamp zoomable\" width=\"789\" height=\"1332\" srcset=\"https:\/\/www.omnizoomstudio.com\/wp-content\/uploads\/2020\/11\/application11.jpg 766w, https:\/\/www.omnizoomstudio.com\/wp-content\/uploads\/2020\/11\/application11-150x253.jpg 150w, https:\/\/www.omnizoomstudio.com\/wp-content\/uploads\/2020\/11\/application11-600x1013.jpg 600w, https:\/\/www.omnizoomstudio.com\/wp-content\/uploads\/2020\/11\/application11-178x300.jpg 178w, https:\/\/www.omnizoomstudio.com\/wp-content\/uploads\/2020\/11\/application11-607x1024.jpg 607w\" sizes=\"auto, (max-width: 789px) 100vw, 789px\" \/><img loading=\"lazy\" decoding=\"async\" class=\"alignnone wp-image-2222 size-full\" title=\"uygulama114\" src=\"https:\/\/www.omnizoomstudio.com\/wp-content\/uploads\/2020\/11\/application114.jpg\" alt=\"Portable floor lamp zoomable\" width=\"790\" height=\"593\" srcset=\"https:\/\/www.omnizoomstudio.com\/wp-content\/uploads\/2020\/11\/application114.jpg 790w, https:\/\/www.omnizoomstudio.com\/wp-content\/uploads\/2020\/11\/application114-150x113.jpg 150w, https:\/\/www.omnizoomstudio.com\/wp-content\/uploads\/2020\/11\/application114-600x450.jpg 600w, https:\/\/www.omnizoomstudio.com\/wp-content\/uploads\/2020\/11\/application114-300x225.jpg 300w, https:\/\/www.omnizoomstudio.com\/wp-content\/uploads\/2020\/11\/application114-768x576.jpg 768w\" sizes=\"auto, (max-width: 790px) 100vw, 790px\" \/><img loading=\"lazy\" decoding=\"async\" class=\"alignnone wp-image-2317 size-full\" title=\"5671 ba\u015fvuru16\" src=\"https:\/\/www.omnizoomstudio.com\/wp-content\/uploads\/2020\/11\/5671-application16.jpg\" alt=\"5671 application16\" width=\"790\" height=\"1053\" srcset=\"https:\/\/www.omnizoomstudio.com\/wp-content\/uploads\/2020\/11\/5671-application16.jpg 790w, https:\/\/www.omnizoomstudio.com\/wp-content\/uploads\/2020\/11\/5671-application16-150x200.jpg 150w, https:\/\/www.omnizoomstudio.com\/wp-content\/uploads\/2020\/11\/5671-application16-600x800.jpg 600w, https:\/\/www.omnizoomstudio.com\/wp-content\/uploads\/2020\/11\/5671-application16-225x300.jpg 225w, https:\/\/www.omnizoomstudio.com\/wp-content\/uploads\/2020\/11\/5671-application16-768x1024.jpg 768w\" sizes=\"auto, (max-width: 790px) 100vw, 790px\" \/><\/p>","protected":false},"excerpt":{"rendered":"<p>CEO Omnizoom zemin lambas\u0131, okuma odan\u0131za, kahvenize veya \u00e7ay evinize \u015f\u0131k bir dokunu\u015f katacak, yak\u0131nla\u015ft\u0131r\u0131labilir teknolojiye sahip m\u00fcze s\u0131n\u0131f\u0131 kaliteli \u0131\u015f\u0131k \u00e7\u0131k\u0131\u015f\u0131 sa\u011flayan, ger\u00e7ekten minimalist bir tasar\u0131m LED lambad\u0131r. End\u00fcstriyel tasar\u0131m\u0131 g\u00f6rd\u00fc\u011f\u00fcm\u00fcz en dikkat \u00e7ekici tasar\u0131mlardan biridir. ofiste Art illuminatio ile m\u00fckemmel bir CEO Gear, sadece bununla kalm\u0131yor, ayn\u0131 zamanda CEO'nun \u00e7ocuklar\u0131n\u0131n e\u011flencesi, oyunu, \u00f6devi vb. i\u00e7in de harika bir tasar\u0131m. yak\u0131nla\u015ft\u0131r\u0131labilir teknolojiye sahip bu zemin lambas\u0131n\u0131 deneyin ve test edin ve harika \"\u0131\u015f\u0131k\" yolculu\u011funa ba\u015flay\u0131n.<\/p>","protected":false},"featured_media":2049,"template":"","meta":[],"product_brand":[],"product_cat":[287,19,21,15],"product_tag":[410],"yst_prominent_words":[354,58,355,361,352,364,356,369,362,143,59,360,370,358,357,350,368,367,111,366],"class_list":{"0":"post-2029","1":"product","2":"type-product","3":"status-publish","4":"has-post-thumbnail","6":"product_cat-art-gallery-lighting","7":"product_cat-commercial-display-lighting","8":"product_cat-customized-lighting","9":"product_cat-museum-lighting","10":"product_tag-portable-floor-lamp-zoomable","12":"first","13":"instock","14":"shipping-taxable","15":"purchasable","16":"product-type-simple"},"_links":{"self":[{"href":"https:\/\/www.omnizoomstudio.com\/tr\/wp-json\/wp\/v2\/product\/2029","targetHints":{"allow":["GET"]}}],"collection":[{"href":"https:\/\/www.omnizoomstudio.com\/tr\/wp-json\/wp\/v2\/product"}],"about":[{"href":"https:\/\/www.omnizoomstudio.com\/tr\/wp-json\/wp\/v2\/types\/product"}],"wp:featuredmedia":[{"embeddable":true,"href":"https:\/\/www.omnizoomstudio.com\/tr\/wp-json\/wp\/v2\/media\/2049"}],"wp:attachment":[{"href":"https:\/\/www.omnizoomstudio.com\/tr\/wp-json\/wp\/v2\/media?parent=2029"}],"wp:term":[{"taxonomy":"product_brand","embeddable":true,"href":"https:\/\/www.omnizoomstudio.com\/tr\/wp-json\/wp\/v2\/product_brand?post=2029"},{"taxonomy":"product_cat","embeddable":true,"href":"https:\/\/www.omnizoomstudio.com\/tr\/wp-json\/wp\/v2\/product_cat?post=2029"},{"taxonomy":"product_tag","embeddable":true,"href":"https:\/\/www.omnizoomstudio.com\/tr\/wp-json\/wp\/v2\/product_tag?post=2029"},{"taxonomy":"yst_prominent_words","embeddable":true,"href":"https:\/\/www.omnizoomstudio.com\/tr\/wp-json\/wp\/v2\/yst_prominent_words?post=2029"}],"curies":[{"name":"wp","href":"https:\/\/api.w.org\/{rel}","templated":true}]}}