{"id":2444,"date":"2023-04-29T09:11:24","date_gmt":"2023-04-29T09:11:24","guid":{"rendered":"https:\/\/www.omnizoomstudio.com\/?post_type=product&#038;p=2444"},"modified":"2024-07-27T15:59:24","modified_gmt":"2024-07-27T07:59:24","slug":"eye-dimmable-led-focus-lighting","status":"publish","type":"product","link":"https:\/\/www.omnizoomstudio.com\/tr\/eye-dimmable-led-focus-lighting\/","title":{"rendered":"G\u00f6z M\u00fcze ayd\u0131nlatmas\u0131 veya ev dekorasyonu i\u00e7in k\u0131s\u0131labilir LED odak ayd\u0131nlatma armat\u00fcr\u00fc"},"content":{"rendered":"<h2 dir=\"LTR\"><span style=\"font-size: 200%; color: #000000;\">G\u00d6Z<\/span><\/h2>\n<h3><strong>A\u00c7IKLAMA<\/strong><\/h3>\n<p><strong>9036 g\u00f6z K\u0131s\u0131labilir LED odak ayd\u0131nlatma armat\u00fcr\u00fc, LED Tavan Lambas\u0131, LED odak spot \u0131\u015f\u0131\u011f\u0131. 9036 \u00fcnitesi k\u0131s\u0131labilir ve Triyak dimmer ile \u00e7al\u0131\u015fabilir.<\/strong><\/p>\n<p><strong>9036 g\u00f6z LED odak ayd\u0131nlatma armat\u00fcr\u00fc, LED Tavan Lambas\u0131, LED odak <a href=\"https:\/\/www.omnizoomstudio.com\/led-retail-display-light-with-spotlight\/\">spot \u0131\u015f\u0131\u011f\u0131<\/a><\/strong><\/p>\n<p><img loading=\"lazy\" decoding=\"async\" class=\"alignnone wp-image-3224\" title=\"K\u0131s\u0131labilir LED odak ayd\u0131nlatmas\u0131\" src=\"https:\/\/www.omnizoomstudio.com\/wp-content\/uploads\/2023\/04\/9036\u53c2\u6570.jpg\" alt=\"\" width=\"932\" height=\"677\" srcset=\"https:\/\/www.omnizoomstudio.com\/wp-content\/uploads\/2023\/04\/9036\u53c2\u6570.jpg 966w, https:\/\/www.omnizoomstudio.com\/wp-content\/uploads\/2023\/04\/9036\u53c2\u6570-300x218.jpg 300w, https:\/\/www.omnizoomstudio.com\/wp-content\/uploads\/2023\/04\/9036\u53c2\u6570-768x558.jpg 768w, https:\/\/www.omnizoomstudio.com\/wp-content\/uploads\/2023\/04\/9036\u53c2\u6570-18x12.jpg 18w, https:\/\/www.omnizoomstudio.com\/wp-content\/uploads\/2023\/04\/9036\u53c2\u6570-800x581.jpg 800w, https:\/\/www.omnizoomstudio.com\/wp-content\/uploads\/2023\/04\/9036\u53c2\u6570-150x109.jpg 150w\" sizes=\"auto, (max-width: 932px) 100vw, 932px\" \/><\/p>\n<p><strong>360\u00b0 deniz seviyesi d\u00f6n\u00fc\u015f\u00fc ayarlanabilir<br \/>\n<\/strong>360\u00b0 deniz seviyesinde d\u00f6n\u00fc\u015f, tam bir \u0131\u015f\u0131k yans\u0131tma yelpazesini tatmin eder, nesne nerede olursa olsun, odaklanabilir Maya onu bulabilir ve g\u00f6z al\u0131c\u0131 hale getirebilir.<br \/>\n<img decoding=\"async\" title=\"K\u0131s\u0131labilir LED odak ayd\u0131nlatmas\u0131\" src=\"https:\/\/cdn.shopify.com\/s\/files\/1\/0198\/4642\/files\/9036_8c302295-25bf-45d6-8826-5771cc49b5d2.png?v=1472109562\" alt=\"Dimmable LED focus lighting\" \/><img loading=\"lazy\" decoding=\"async\" class=\"alignnone wp-image-2459 size-full\" title=\"K\u0131s\u0131labilir LED odak ayd\u0131nlatmas\u0131\" src=\"https:\/\/www.omnizoomstudio.com\/wp-content\/uploads\/2023\/05\/8311adjustable_1.gif\" alt=\"Dimmable LED focus lighting\" width=\"750\" height=\"364\" \/><\/p>\n<p>G\u00f6mme Ayd\u0131nlatma Odaklanabilir Kontrol Teknolojisi<\/p>\n<p>&nbsp;<\/p>\n<h2><span style=\"font-size: 200%; color: #000000;\">Uygulama<\/span><\/h2>\n<p><img loading=\"lazy\" decoding=\"async\" class=\"alignnone wp-image-2920\" title=\"K\u0131s\u0131labilir LED odak ayd\u0131nlatmas\u0131\" src=\"https:\/\/www.omnizoomstudio.com\/wp-content\/uploads\/2023\/04\/\u672a\u6807\u9898-2.jpg\" alt=\"Dimmable LED focus lighting\" width=\"847\" height=\"558\" srcset=\"https:\/\/www.omnizoomstudio.com\/wp-content\/uploads\/2023\/04\/\u672a\u6807\u9898-2.jpg 2000w, https:\/\/www.omnizoomstudio.com\/wp-content\/uploads\/2023\/04\/\u672a\u6807\u9898-2-300x198.jpg 300w, https:\/\/www.omnizoomstudio.com\/wp-content\/uploads\/2023\/04\/\u672a\u6807\u9898-2-1024x675.jpg 1024w, https:\/\/www.omnizoomstudio.com\/wp-content\/uploads\/2023\/04\/\u672a\u6807\u9898-2-768x506.jpg 768w, https:\/\/www.omnizoomstudio.com\/wp-content\/uploads\/2023\/04\/\u672a\u6807\u9898-2-1536x1013.jpg 1536w, https:\/\/www.omnizoomstudio.com\/wp-content\/uploads\/2023\/04\/\u672a\u6807\u9898-2-800x528.jpg 800w, https:\/\/www.omnizoomstudio.com\/wp-content\/uploads\/2023\/04\/\u672a\u6807\u9898-2-150x99.jpg 150w\" sizes=\"auto, (max-width: 847px) 100vw, 847px\" \/><img loading=\"lazy\" decoding=\"async\" class=\"alignnone wp-image-2921\" title=\"K\u0131s\u0131labilir LED odak ayd\u0131nlatmas\u0131\" src=\"https:\/\/www.omnizoomstudio.com\/wp-content\/uploads\/2023\/04\/\u672a\u6807\u9898-4.jpg\" alt=\"Dimmable LED focus lighting\" width=\"848\" height=\"569\" srcset=\"https:\/\/www.omnizoomstudio.com\/wp-content\/uploads\/2023\/04\/\u672a\u6807\u9898-4.jpg 2000w, https:\/\/www.omnizoomstudio.com\/wp-content\/uploads\/2023\/04\/\u672a\u6807\u9898-4-300x201.jpg 300w, https:\/\/www.omnizoomstudio.com\/wp-content\/uploads\/2023\/04\/\u672a\u6807\u9898-4-1024x687.jpg 1024w, https:\/\/www.omnizoomstudio.com\/wp-content\/uploads\/2023\/04\/\u672a\u6807\u9898-4-768x515.jpg 768w, https:\/\/www.omnizoomstudio.com\/wp-content\/uploads\/2023\/04\/\u672a\u6807\u9898-4-1536x1030.jpg 1536w, https:\/\/www.omnizoomstudio.com\/wp-content\/uploads\/2023\/04\/\u672a\u6807\u9898-4-800x536.jpg 800w, https:\/\/www.omnizoomstudio.com\/wp-content\/uploads\/2023\/04\/\u672a\u6807\u9898-4-150x101.jpg 150w\" sizes=\"auto, (max-width: 848px) 100vw, 848px\" \/><\/p>","protected":false},"excerpt":{"rendered":"<p>THE EYE DESCRIPTION 9036 the eye Dimmable LED focus lighting fixture,LED Ceiling Lamp,LED focus spotlight.The 9036 unit can be dimmable<\/p>","protected":false},"featured_media":2445,"template":"","meta":[],"product_brand":[],"product_cat":[19,20,15,288],"product_tag":[403],"yst_prominent_words":[],"class_list":{"0":"post-2444","1":"product","2":"type-product","3":"status-publish","4":"has-post-thumbnail","6":"product_cat-commercial-display-lighting","7":"product_cat-ceiling-light","8":"product_cat-museum-lighting","9":"product_cat-showcase-light","10":"product_tag-dimmable-led-focus-lighting","12":"first","13":"instock","14":"featured","15":"shipping-taxable","16":"purchasable","17":"product-type-simple"},"_links":{"self":[{"href":"https:\/\/www.omnizoomstudio.com\/tr\/wp-json\/wp\/v2\/product\/2444","targetHints":{"allow":["GET"]}}],"collection":[{"href":"https:\/\/www.omnizoomstudio.com\/tr\/wp-json\/wp\/v2\/product"}],"about":[{"href":"https:\/\/www.omnizoomstudio.com\/tr\/wp-json\/wp\/v2\/types\/product"}],"wp:featuredmedia":[{"embeddable":true,"href":"https:\/\/www.omnizoomstudio.com\/tr\/wp-json\/wp\/v2\/media\/2445"}],"wp:attachment":[{"href":"https:\/\/www.omnizoomstudio.com\/tr\/wp-json\/wp\/v2\/media?parent=2444"}],"wp:term":[{"taxonomy":"product_brand","embeddable":true,"href":"https:\/\/www.omnizoomstudio.com\/tr\/wp-json\/wp\/v2\/product_brand?post=2444"},{"taxonomy":"product_cat","embeddable":true,"href":"https:\/\/www.omnizoomstudio.com\/tr\/wp-json\/wp\/v2\/product_cat?post=2444"},{"taxonomy":"product_tag","embeddable":true,"href":"https:\/\/www.omnizoomstudio.com\/tr\/wp-json\/wp\/v2\/product_tag?post=2444"},{"taxonomy":"yst_prominent_words","embeddable":true,"href":"https:\/\/www.omnizoomstudio.com\/tr\/wp-json\/wp\/v2\/yst_prominent_words?post=2444"}],"curies":[{"name":"wp","href":"https:\/\/api.w.org\/{rel}","templated":true}]}}