{"id":3313,"date":"2025-06-12T13:52:22","date_gmt":"2025-06-12T05:52:22","guid":{"rendered":"https:\/\/www.omnizoomstudio.com\/?post_type=product&#038;p=3313"},"modified":"2025-06-18T16:40:30","modified_gmt":"2025-06-18T08:40:30","slug":"zoomable-track-light-1707","status":"publish","type":"product","link":"https:\/\/www.omnizoomstudio.com\/tr\/zoomable-track-light-1707\/","title":{"rendered":"Mini light projector shaping"},"content":{"rendered":"<h2>Mini light projector shaping<\/h2>\n<p>Precise Spot Shaping Multiple Shapes<\/p>\n<p>It is suitable for museums, art exhibition halls, galleries, homes, dining and coffee halls, theme halls, and a series of commercial and home lighting places.<\/p>\n<h4 dir=\"LTR\">1706\u00a0 surface mounted<\/h4>\n<p><img loading=\"lazy\" decoding=\"async\" class=\"alignnone wp-image-3333\" src=\"https:\/\/www.omnizoomstudio.com\/wp-content\/uploads\/2025\/06\/1706-\u4e3b\u56fe.jpg\" alt=\"\" width=\"526\" height=\"499\" srcset=\"https:\/\/www.omnizoomstudio.com\/wp-content\/uploads\/2025\/06\/1706-\u4e3b\u56fe.jpg 932w, https:\/\/www.omnizoomstudio.com\/wp-content\/uploads\/2025\/06\/1706-\u4e3b\u56fe-300x284.jpg 300w, https:\/\/www.omnizoomstudio.com\/wp-content\/uploads\/2025\/06\/1706-\u4e3b\u56fe-768x728.jpg 768w, https:\/\/www.omnizoomstudio.com\/wp-content\/uploads\/2025\/06\/1706-\u4e3b\u56fe-13x12.jpg 13w, https:\/\/www.omnizoomstudio.com\/wp-content\/uploads\/2025\/06\/1706-\u4e3b\u56fe-800x758.jpg 800w, https:\/\/www.omnizoomstudio.com\/wp-content\/uploads\/2025\/06\/1706-\u4e3b\u56fe-150x142.jpg 150w\" sizes=\"auto, (max-width: 526px) 100vw, 526px\" \/><img loading=\"lazy\" decoding=\"async\" class=\"alignnone wp-image-3323\" title=\"Introducing Omnizoom Lighting\" src=\"https:\/\/www.omnizoomstudio.com\/wp-content\/uploads\/2025\/06\/23mm.jpg\" alt=\"\" width=\"456\" height=\"493\" srcset=\"https:\/\/www.omnizoomstudio.com\/wp-content\/uploads\/2025\/06\/23mm.jpg 1000w, https:\/\/www.omnizoomstudio.com\/wp-content\/uploads\/2025\/06\/23mm-278x300.jpg 278w, https:\/\/www.omnizoomstudio.com\/wp-content\/uploads\/2025\/06\/23mm-947x1024.jpg 947w, https:\/\/www.omnizoomstudio.com\/wp-content\/uploads\/2025\/06\/23mm-768x830.jpg 768w, https:\/\/www.omnizoomstudio.com\/wp-content\/uploads\/2025\/06\/23mm-11x12.jpg 11w, https:\/\/www.omnizoomstudio.com\/wp-content\/uploads\/2025\/06\/23mm-800x865.jpg 800w, https:\/\/www.omnizoomstudio.com\/wp-content\/uploads\/2025\/06\/23mm-150x162.jpg 150w\" sizes=\"auto, (max-width: 456px) 100vw, 456px\" \/><\/p>\n<h4 dir=\"LTR\">1707 semi &#8211; mounted<\/h4>\n<p><img loading=\"lazy\" decoding=\"async\" class=\"alignnone wp-image-3336\" src=\"https:\/\/www.omnizoomstudio.com\/wp-content\/uploads\/2025\/06\/1706-\u534a\u5b89\u88c5.jpg\" alt=\"\" width=\"561\" height=\"587\" srcset=\"https:\/\/www.omnizoomstudio.com\/wp-content\/uploads\/2025\/06\/1706-\u534a\u5b89\u88c5.jpg 881w, https:\/\/www.omnizoomstudio.com\/wp-content\/uploads\/2025\/06\/1706-\u534a\u5b89\u88c5-286x300.jpg 286w, https:\/\/www.omnizoomstudio.com\/wp-content\/uploads\/2025\/06\/1706-\u534a\u5b89\u88c5-768x805.jpg 768w, https:\/\/www.omnizoomstudio.com\/wp-content\/uploads\/2025\/06\/1706-\u534a\u5b89\u88c5-11x12.jpg 11w, https:\/\/www.omnizoomstudio.com\/wp-content\/uploads\/2025\/06\/1706-\u534a\u5b89\u88c5-800x838.jpg 800w, https:\/\/www.omnizoomstudio.com\/wp-content\/uploads\/2025\/06\/1706-\u534a\u5b89\u88c5-150x157.jpg 150w\" sizes=\"auto, (max-width: 561px) 100vw, 561px\" \/><\/p>\n<p><img loading=\"lazy\" decoding=\"async\" class=\"alignnone wp-image-3335\" title=\"Introducing Omnizoom Lighting\" src=\"https:\/\/www.omnizoomstudio.com\/wp-content\/uploads\/2025\/06\/1706-5.jpg\" alt=\"\" width=\"560\" height=\"1101\" srcset=\"https:\/\/www.omnizoomstudio.com\/wp-content\/uploads\/2025\/06\/1706-5.jpg 1112w, https:\/\/www.omnizoomstudio.com\/wp-content\/uploads\/2025\/06\/1706-5-153x300.jpg 153w, https:\/\/www.omnizoomstudio.com\/wp-content\/uploads\/2025\/06\/1706-5-521x1024.jpg 521w, https:\/\/www.omnizoomstudio.com\/wp-content\/uploads\/2025\/06\/1706-5-768x1510.jpg 768w, https:\/\/www.omnizoomstudio.com\/wp-content\/uploads\/2025\/06\/1706-5-781x1536.jpg 781w, https:\/\/www.omnizoomstudio.com\/wp-content\/uploads\/2025\/06\/1706-5-1042x2048.jpg 1042w, https:\/\/www.omnizoomstudio.com\/wp-content\/uploads\/2025\/06\/1706-5-6x12.jpg 6w, https:\/\/www.omnizoomstudio.com\/wp-content\/uploads\/2025\/06\/1706-5-800x1573.jpg 800w, https:\/\/www.omnizoomstudio.com\/wp-content\/uploads\/2025\/06\/1706-5-150x295.jpg 150w\" sizes=\"auto, (max-width: 560px) 100vw, 560px\" \/><\/p>\n<div>\n<h3><strong>Daha Fazla \u00dcr\u00fcn<\/strong><\/h3>\n<h4 dir=\"LTR\">1705 Ceiling installation<\/h4>\n<\/div>\n<p><img loading=\"lazy\" decoding=\"async\" class=\"alignnone wp-image-3057\" src=\"https:\/\/www.omnizoomstudio.com\/wp-content\/uploads\/2024\/05\/1706\uff08\u4ea7\u54c1\uff09\u4f4e\u538b\u5929\u82b1\u706f-3W-1.jpg\" alt=\"\" width=\"398\" height=\"376\" srcset=\"https:\/\/www.omnizoomstudio.com\/wp-content\/uploads\/2024\/05\/1706\uff08\u4ea7\u54c1\uff09\u4f4e\u538b\u5929\u82b1\u706f-3W-1.jpg 972w, https:\/\/www.omnizoomstudio.com\/wp-content\/uploads\/2024\/05\/1706\uff08\u4ea7\u54c1\uff09\u4f4e\u538b\u5929\u82b1\u706f-3W-1-300x283.jpg 300w, https:\/\/www.omnizoomstudio.com\/wp-content\/uploads\/2024\/05\/1706\uff08\u4ea7\u54c1\uff09\u4f4e\u538b\u5929\u82b1\u706f-3W-1-768x725.jpg 768w, https:\/\/www.omnizoomstudio.com\/wp-content\/uploads\/2024\/05\/1706\uff08\u4ea7\u54c1\uff09\u4f4e\u538b\u5929\u82b1\u706f-3W-1-800x756.jpg 800w, https:\/\/www.omnizoomstudio.com\/wp-content\/uploads\/2024\/05\/1706\uff08\u4ea7\u54c1\uff09\u4f4e\u538b\u5929\u82b1\u706f-3W-1-150x142.jpg 150w\" sizes=\"auto, (max-width: 398px) 100vw, 398px\" \/><\/p>\n<p><img loading=\"lazy\" decoding=\"async\" class=\"alignnone wp-image-3119\" src=\"https:\/\/www.omnizoomstudio.com\/wp-content\/uploads\/2024\/05\/1705\u5929\u82b1\u706f-.jpg\" alt=\"\" width=\"480\" height=\"645\" srcset=\"https:\/\/www.omnizoomstudio.com\/wp-content\/uploads\/2024\/05\/1705\u5929\u82b1\u706f-.jpg 1000w, https:\/\/www.omnizoomstudio.com\/wp-content\/uploads\/2024\/05\/1705\u5929\u82b1\u706f--223x300.jpg 223w, https:\/\/www.omnizoomstudio.com\/wp-content\/uploads\/2024\/05\/1705\u5929\u82b1\u706f--762x1024.jpg 762w, https:\/\/www.omnizoomstudio.com\/wp-content\/uploads\/2024\/05\/1705\u5929\u82b1\u706f--768x1031.jpg 768w, https:\/\/www.omnizoomstudio.com\/wp-content\/uploads\/2024\/05\/1705\u5929\u82b1\u706f--9x12.jpg 9w, https:\/\/www.omnizoomstudio.com\/wp-content\/uploads\/2024\/05\/1705\u5929\u82b1\u706f--800x1074.jpg 800w, https:\/\/www.omnizoomstudio.com\/wp-content\/uploads\/2024\/05\/1705\u5929\u82b1\u706f--150x201.jpg 150w\" sizes=\"auto, (max-width: 480px) 100vw, 480px\" \/><\/p>\n<p>&nbsp;<\/p>\n<p><img loading=\"lazy\" decoding=\"async\" class=\"alignnone wp-image-3330\" src=\"https:\/\/www.omnizoomstudio.com\/wp-content\/uploads\/2025\/06\/1706-8.jpg\" alt=\"\" width=\"760\" height=\"460\" srcset=\"https:\/\/www.omnizoomstudio.com\/wp-content\/uploads\/2025\/06\/1706-8.jpg 1136w, https:\/\/www.omnizoomstudio.com\/wp-content\/uploads\/2025\/06\/1706-8-300x182.jpg 300w, https:\/\/www.omnizoomstudio.com\/wp-content\/uploads\/2025\/06\/1706-8-1024x620.jpg 1024w, https:\/\/www.omnizoomstudio.com\/wp-content\/uploads\/2025\/06\/1706-8-768x465.jpg 768w, https:\/\/www.omnizoomstudio.com\/wp-content\/uploads\/2025\/06\/1706-8-18x12.jpg 18w, https:\/\/www.omnizoomstudio.com\/wp-content\/uploads\/2025\/06\/1706-8-800x485.jpg 800w, https:\/\/www.omnizoomstudio.com\/wp-content\/uploads\/2025\/06\/1706-8-150x91.jpg 150w\" sizes=\"auto, (max-width: 760px) 100vw, 760px\" \/><\/p>\n<p>&nbsp;<\/p>\n<p>&nbsp;<\/p>\n<p><img loading=\"lazy\" decoding=\"async\" class=\"alignnone wp-image-3324\" title=\"Introducing Omnizoom Lighting\" src=\"https:\/\/www.omnizoomstudio.com\/wp-content\/uploads\/2025\/06\/Mini-23mm-Zoomable-light-framing.jpg\" alt=\"\" width=\"1025\" height=\"504\" srcset=\"https:\/\/www.omnizoomstudio.com\/wp-content\/uploads\/2025\/06\/Mini-23mm-Zoomable-light-framing.jpg 1800w, https:\/\/www.omnizoomstudio.com\/wp-content\/uploads\/2025\/06\/Mini-23mm-Zoomable-light-framing-300x148.jpg 300w, https:\/\/www.omnizoomstudio.com\/wp-content\/uploads\/2025\/06\/Mini-23mm-Zoomable-light-framing-1024x504.jpg 1024w, https:\/\/www.omnizoomstudio.com\/wp-content\/uploads\/2025\/06\/Mini-23mm-Zoomable-light-framing-768x378.jpg 768w, https:\/\/www.omnizoomstudio.com\/wp-content\/uploads\/2025\/06\/Mini-23mm-Zoomable-light-framing-1536x756.jpg 1536w, https:\/\/www.omnizoomstudio.com\/wp-content\/uploads\/2025\/06\/Mini-23mm-Zoomable-light-framing-18x9.jpg 18w, https:\/\/www.omnizoomstudio.com\/wp-content\/uploads\/2025\/06\/Mini-23mm-Zoomable-light-framing-800x394.jpg 800w, https:\/\/www.omnizoomstudio.com\/wp-content\/uploads\/2025\/06\/Mini-23mm-Zoomable-light-framing-150x74.jpg 150w\" sizes=\"auto, (max-width: 1025px) 100vw, 1025px\" \/><\/p>\n<h3><strong>MORE EFFECT<\/strong><\/h3>\n<p><img loading=\"lazy\" decoding=\"async\" class=\"alignnone wp-image-3328\" title=\"Introducing Omnizoom Lighting\" src=\"https:\/\/www.omnizoomstudio.com\/wp-content\/uploads\/2025\/06\/\u66f4\u591a\u5f62\u72b6.jpg\" alt=\"\" width=\"1024\" height=\"121\" srcset=\"https:\/\/www.omnizoomstudio.com\/wp-content\/uploads\/2025\/06\/\u66f4\u591a\u5f62\u72b6.jpg 1050w, https:\/\/www.omnizoomstudio.com\/wp-content\/uploads\/2025\/06\/\u66f4\u591a\u5f62\u72b6-300x35.jpg 300w, https:\/\/www.omnizoomstudio.com\/wp-content\/uploads\/2025\/06\/\u66f4\u591a\u5f62\u72b6-1024x121.jpg 1024w, https:\/\/www.omnizoomstudio.com\/wp-content\/uploads\/2025\/06\/\u66f4\u591a\u5f62\u72b6-768x91.jpg 768w, https:\/\/www.omnizoomstudio.com\/wp-content\/uploads\/2025\/06\/\u66f4\u591a\u5f62\u72b6-18x2.jpg 18w, https:\/\/www.omnizoomstudio.com\/wp-content\/uploads\/2025\/06\/\u66f4\u591a\u5f62\u72b6-800x94.jpg 800w, https:\/\/www.omnizoomstudio.com\/wp-content\/uploads\/2025\/06\/\u66f4\u591a\u5f62\u72b6-150x18.jpg 150w\" sizes=\"auto, (max-width: 1024px) 100vw, 1024px\" \/><\/p>\n<table width=\"823\">\n<tbody>\n<tr>\n<td colspan=\"3\" width=\"823\"><strong>Lighting framing 12V\u00a0 3W<\/strong><\/td>\n<\/tr>\n<tr>\n<td width=\"256\">Light remodeling roundto oval<\/td>\n<td width=\"309\">Beam Angle:18\u00ba-35\u00ba<\/td>\n<td width=\"258\">Cutout:N\/A\uff08Low voltage track\uff09<\/td>\n<\/tr>\n<tr>\n<td width=\"256\">zoomable technologyBeam angle 18\u00ba-35\u00ba<\/td>\n<td width=\"309\">Lumen:3W 42LM<\/td>\n<td width=\"258\">Input Voltage:12V<\/td>\n<\/tr>\n<tr>\n<td>Farkl\u0131 \u0131\u015f\u0131k dokusu<\/td>\n<td width=\"309\">Colour Temp: 4000KCRI: Ra 95<\/td>\n<td width=\"258\">Body colour:Black<\/td>\n<\/tr>\n<tr>\n<td>Farkl\u0131 \u0131\u015f\u0131k renkleri<\/td>\n<td>Installation:Low voltage track<\/td>\n<td>Wattage :3W<\/td>\n<\/tr>\n<tr>\n<td>Selected high-power LEDsQuantity of LED: 1PC<\/td>\n<td>Life time:30000H-50000H<\/td>\n<td>Warranty:2 Years<\/td>\n<\/tr>\n<tr>\n<td>Weight:3W 75g<\/td>\n<td>IP Rating:IP 50<\/td>\n<td>Sertifikasyon\uff1aCE<\/td>\n<\/tr>\n<\/tbody>\n<\/table>\n<p>&nbsp;<\/p>","protected":false},"excerpt":{"rendered":"<p>Precise Spot Shaping Multiple Shapes<\/p>\n<p>It is suitable for museums, art exhibition halls, galleries, homes, dining and coffee halls, theme halls, and a series of commercial and home lighting places.<\/p>","protected":false},"featured_media":3337,"template":"","meta":[],"product_brand":[],"product_cat":[21,418],"product_tag":[402],"yst_prominent_words":[239,134,59,100,98],"class_list":{"0":"post-3313","1":"product","2":"type-product","3":"status-publish","4":"has-post-thumbnail","6":"product_cat-customized-lighting","7":"product_cat-framing-led-projectors","8":"product_tag-floor-light","10":"first","11":"instock","12":"shipping-taxable","13":"purchasable","14":"product-type-simple"},"_links":{"self":[{"href":"https:\/\/www.omnizoomstudio.com\/tr\/wp-json\/wp\/v2\/product\/3313","targetHints":{"allow":["GET"]}}],"collection":[{"href":"https:\/\/www.omnizoomstudio.com\/tr\/wp-json\/wp\/v2\/product"}],"about":[{"href":"https:\/\/www.omnizoomstudio.com\/tr\/wp-json\/wp\/v2\/types\/product"}],"wp:featuredmedia":[{"embeddable":true,"href":"https:\/\/www.omnizoomstudio.com\/tr\/wp-json\/wp\/v2\/media\/3337"}],"wp:attachment":[{"href":"https:\/\/www.omnizoomstudio.com\/tr\/wp-json\/wp\/v2\/media?parent=3313"}],"wp:term":[{"taxonomy":"product_brand","embeddable":true,"href":"https:\/\/www.omnizoomstudio.com\/tr\/wp-json\/wp\/v2\/product_brand?post=3313"},{"taxonomy":"product_cat","embeddable":true,"href":"https:\/\/www.omnizoomstudio.com\/tr\/wp-json\/wp\/v2\/product_cat?post=3313"},{"taxonomy":"product_tag","embeddable":true,"href":"https:\/\/www.omnizoomstudio.com\/tr\/wp-json\/wp\/v2\/product_tag?post=3313"},{"taxonomy":"yst_prominent_words","embeddable":true,"href":"https:\/\/www.omnizoomstudio.com\/tr\/wp-json\/wp\/v2\/yst_prominent_words?post=3313"}],"curies":[{"name":"wp","href":"https:\/\/api.w.org\/{rel}","templated":true}]}}