{"id":3339,"date":"2025-06-18T16:42:26","date_gmt":"2025-06-18T08:42:26","guid":{"rendered":"https:\/\/www.omnizoomstudio.com\/?post_type=product&#038;p=3339"},"modified":"2025-07-15T13:59:43","modified_gmt":"2025-07-15T05:59:43","slug":"antman-ceiling-wall-washer-with-big-tilt-angle-corridor-picture-recessed-light-9163","status":"publish","type":"product","link":"https:\/\/www.omnizoomstudio.com\/tr\/antman-ceiling-wall-washer-with-big-tilt-angle-corridor-picture-recessed-light-9163\/","title":{"rendered":"Antman Embelded light framing projector#9163"},"content":{"rendered":"<h2>Antman Embelded light framing projector<\/h2>\n<p><img loading=\"lazy\" decoding=\"async\" class=\"alignnone wp-image-3372\" title=\"Koridor boyama ayd\u0131nlatmas\u0131 i\u00e7in b\u00fcy\u00fck e\u011fim a\u00e7\u0131s\u0131na sahip tavan duvar y\u0131kay\u0131c\u0131\" src=\"https:\/\/www.omnizoomstudio.com\/wp-content\/uploads\/2025\/06\/3.jpg\" alt=\"\" width=\"786\" height=\"696\" srcset=\"https:\/\/www.omnizoomstudio.com\/wp-content\/uploads\/2025\/06\/3.jpg 1263w, https:\/\/www.omnizoomstudio.com\/wp-content\/uploads\/2025\/06\/3-300x266.jpg 300w, https:\/\/www.omnizoomstudio.com\/wp-content\/uploads\/2025\/06\/3-1024x906.jpg 1024w, https:\/\/www.omnizoomstudio.com\/wp-content\/uploads\/2025\/06\/3-768x680.jpg 768w, https:\/\/www.omnizoomstudio.com\/wp-content\/uploads\/2025\/06\/3-14x12.jpg 14w, https:\/\/www.omnizoomstudio.com\/wp-content\/uploads\/2025\/06\/3-800x708.jpg 800w, https:\/\/www.omnizoomstudio.com\/wp-content\/uploads\/2025\/06\/3-150x133.jpg 150w\" sizes=\"auto, (max-width: 786px) 100vw, 786px\" \/><\/p>\n<p><img loading=\"lazy\" decoding=\"async\" class=\"alignnone wp-image-3376 size-full\" title=\"Koridor boyama ayd\u0131nlatmas\u0131 i\u00e7in b\u00fcy\u00fck e\u011fim a\u00e7\u0131s\u0131na sahip tavan duvar y\u0131kay\u0131c\u0131\" src=\"https:\/\/www.omnizoomstudio.com\/wp-content\/uploads\/2025\/06\/\u5c3a\u5bf8.jpg\" alt=\"\" width=\"485\" height=\"679\" srcset=\"https:\/\/www.omnizoomstudio.com\/wp-content\/uploads\/2025\/06\/\u5c3a\u5bf8.jpg 485w, https:\/\/www.omnizoomstudio.com\/wp-content\/uploads\/2025\/06\/\u5c3a\u5bf8-214x300.jpg 214w, https:\/\/www.omnizoomstudio.com\/wp-content\/uploads\/2025\/06\/\u5c3a\u5bf8-9x12.jpg 9w, https:\/\/www.omnizoomstudio.com\/wp-content\/uploads\/2025\/06\/\u5c3a\u5bf8-150x210.jpg 150w\" sizes=\"auto, (max-width: 485px) 100vw, 485px\" \/><img loading=\"lazy\" decoding=\"async\" class=\"alignnone wp-image-3377\" title=\"E\u011filebilir\" src=\"https:\/\/www.omnizoomstudio.com\/wp-content\/uploads\/2025\/06\/drw0016.jpg\" alt=\"\" width=\"638\" height=\"592\" srcset=\"https:\/\/www.omnizoomstudio.com\/wp-content\/uploads\/2025\/06\/drw0016.jpg 1000w, https:\/\/www.omnizoomstudio.com\/wp-content\/uploads\/2025\/06\/drw0016-300x279.jpg 300w, https:\/\/www.omnizoomstudio.com\/wp-content\/uploads\/2025\/06\/drw0016-768x713.jpg 768w, https:\/\/www.omnizoomstudio.com\/wp-content\/uploads\/2025\/06\/drw0016-13x12.jpg 13w, https:\/\/www.omnizoomstudio.com\/wp-content\/uploads\/2025\/06\/drw0016-800x743.jpg 800w, https:\/\/www.omnizoomstudio.com\/wp-content\/uploads\/2025\/06\/drw0016-150x139.jpg 150w\" sizes=\"auto, (max-width: 638px) 100vw, 638px\" \/><\/p>\n<h3><strong>B\u00fcy\u00fck e\u011fim a\u00e7\u0131s\u0131na sahip Gimbal G\u00f6mme \u0131\u015f\u0131k<\/strong><\/h3>\n<p>Armat\u00fcrler optimum \u0131\u015f\u0131n hizalamas\u0131 i\u00e7in hassas bir \u015fekilde ayarlanabilir. Sonu\u00e7 olarak \u0131\u015f\u0131k, tam olarak ihtiya\u00e7 duydu\u011funuz yere yay\u0131l\u0131r.<\/p>\n<p>&nbsp;<\/p>\n<p>&nbsp;<\/p>\n<p><img loading=\"lazy\" decoding=\"async\" class=\"alignnone wp-image-2964\" title=\"S\u00fcr\u00fcc\u00fc\" src=\"https:\/\/www.omnizoomstudio.com\/wp-content\/uploads\/2023\/06\/Driver.jpg\" alt=\"#9063 AntMan Ceiling wall washer with big tilt angle corridor picture recessed light\" width=\"914\" height=\"457\" srcset=\"https:\/\/www.omnizoomstudio.com\/wp-content\/uploads\/2023\/06\/Driver.jpg 1000w, https:\/\/www.omnizoomstudio.com\/wp-content\/uploads\/2023\/06\/Driver-300x150.jpg 300w, https:\/\/www.omnizoomstudio.com\/wp-content\/uploads\/2023\/06\/Driver-768x384.jpg 768w, https:\/\/www.omnizoomstudio.com\/wp-content\/uploads\/2023\/06\/Driver-800x400.jpg 800w, https:\/\/www.omnizoomstudio.com\/wp-content\/uploads\/2023\/06\/Driver-150x75.jpg 150w\" sizes=\"auto, (max-width: 914px) 100vw, 914px\" \/><\/p>\n<p>&nbsp;<\/p>\n<h3><img loading=\"lazy\" decoding=\"async\" class=\"alignnone wp-image-3375\" title=\"S\u00fcr\u00fcc\u00fc\" src=\"https:\/\/www.omnizoomstudio.com\/wp-content\/uploads\/2025\/06\/\u8681\u4eba-2-2.jpg\" alt=\"\" width=\"749\" height=\"749\" srcset=\"https:\/\/www.omnizoomstudio.com\/wp-content\/uploads\/2025\/06\/\u8681\u4eba-2-2.jpg 1000w, https:\/\/www.omnizoomstudio.com\/wp-content\/uploads\/2025\/06\/\u8681\u4eba-2-2-300x300.jpg 300w, https:\/\/www.omnizoomstudio.com\/wp-content\/uploads\/2025\/06\/\u8681\u4eba-2-2-150x150.jpg 150w, https:\/\/www.omnizoomstudio.com\/wp-content\/uploads\/2025\/06\/\u8681\u4eba-2-2-768x768.jpg 768w, https:\/\/www.omnizoomstudio.com\/wp-content\/uploads\/2025\/06\/\u8681\u4eba-2-2-12x12.jpg 12w, https:\/\/www.omnizoomstudio.com\/wp-content\/uploads\/2025\/06\/\u8681\u4eba-2-2-800x800.jpg 800w\" sizes=\"auto, (max-width: 749px) 100vw, 749px\" \/><\/h3>\n<p><span dir=\"LTR\">\u00a0De\u011fi\u015ftirilebilir optik ile oval olarak yeniden d\u00fczenleyin.<\/span><\/p>\n<h3>Antman Embelded light framing projector<\/h3>\n<table width=\"587\">\n<tbody>\n<tr>\n<td colspan=\"3\" width=\"587\">Antman &amp; Y-tech AC 220V\/7W<\/td>\n<\/tr>\n<tr>\n<td width=\"198\">Hafif remodeling yuvarlak ila oval<\/td>\n<td width=\"199\">I\u015f\u0131n A\u00e7\u0131s\u0131:<br \/>\n10\u00ba-37\u00ba<\/td>\n<td width=\"190\">Kesik:<br \/>\n\u00f875-80mm<\/td>\n<\/tr>\n<tr>\n<td width=\"198\">yak\u0131nla\u015ft\u0131r\u0131labilir teknoloji<\/td>\n<td width=\"199\">Vat miktar\u0131 :9W<\/td>\n<td width=\"190\">Giri\u015f Voltaj\u0131:<br \/>\nAC220V<\/td>\n<\/tr>\n<tr>\n<td width=\"198\">Hafif kesim<\/td>\n<td width=\"199\">Lumen:<br \/>\nMin a\u00e7\u0131 267 Lm<br \/>\nMaksimum a\u00e7\u0131 305 Lm<\/td>\n<td width=\"190\">Konut:<br \/>\nSiyah\/ Beyaz<\/td>\n<\/tr>\n<tr>\n<td width=\"198\">Farkl\u0131 \u0131\u015f\u0131k dokusu<\/td>\n<td width=\"199\">Renk S\u0131cakl\u0131\u011f\u0131:<br \/>\n2700k\/3000K\/4000K\/6000K<\/td>\n<td width=\"190\">CRI: &gt;97<\/td>\n<\/tr>\n<tr>\n<td width=\"198\">Farkl\u0131 \u0131\u015f\u0131k renkleri<\/td>\n<td width=\"199\">Kurulum:<br \/>\nTavan G\u00f6mme<\/td>\n<td width=\"190\">IP Derecesi:<br \/>\nIP 50<\/td>\n<\/tr>\n<tr>\n<td width=\"198\">k\u0131s\u0131labilir\uff1aTriac, DALI,...<\/td>\n<td width=\"199\">\u00d6m\u00fcr boyu:<br \/>\n30000H-50000H<\/td>\n<td width=\"190\">Garanti:<br \/>\n3 Y\u0131l<\/td>\n<\/tr>\n<tr>\n<td width=\"198\">A\u011f\u0131rl\u0131k:275g<\/td>\n<td width=\"199\">Sertifikasyon\uff1aCE<\/td>\n<td width=\"190\"><\/td>\n<\/tr>\n<\/tbody>\n<\/table>\n<p>&nbsp;<\/p>","protected":false},"excerpt":{"rendered":"<p>The #9163 Omnizoom&#8217;s original Ant Man recessed wall washer with a large 45 degree tilt angle and innovative Y-TECH technology with zoomable is especially suited for use in places like art galleries and boutique hotels. The flexible and versatile recessed LED lighting solution unleashes creativity in the space<\/p>","protected":false},"featured_media":3370,"template":"","meta":[],"product_brand":[],"product_cat":[287,19,20,418,22],"product_tag":[393],"yst_prominent_words":[65,61,60,134,59,219,68],"class_list":{"0":"post-3339","1":"product","2":"type-product","3":"status-publish","4":"has-post-thumbnail","6":"product_cat-art-gallery-lighting","7":"product_cat-commercial-display-lighting","8":"product_cat-ceiling-light","9":"product_cat-framing-led-projectors","10":"product_cat-shop-lighting","11":"product_tag-recessed-light","13":"first","14":"instock","15":"featured","16":"virtual","17":"sold-individually","18":"purchasable","19":"product-type-simple"},"_links":{"self":[{"href":"https:\/\/www.omnizoomstudio.com\/tr\/wp-json\/wp\/v2\/product\/3339","targetHints":{"allow":["GET"]}}],"collection":[{"href":"https:\/\/www.omnizoomstudio.com\/tr\/wp-json\/wp\/v2\/product"}],"about":[{"href":"https:\/\/www.omnizoomstudio.com\/tr\/wp-json\/wp\/v2\/types\/product"}],"wp:featuredmedia":[{"embeddable":true,"href":"https:\/\/www.omnizoomstudio.com\/tr\/wp-json\/wp\/v2\/media\/3370"}],"wp:attachment":[{"href":"https:\/\/www.omnizoomstudio.com\/tr\/wp-json\/wp\/v2\/media?parent=3339"}],"wp:term":[{"taxonomy":"product_brand","embeddable":true,"href":"https:\/\/www.omnizoomstudio.com\/tr\/wp-json\/wp\/v2\/product_brand?post=3339"},{"taxonomy":"product_cat","embeddable":true,"href":"https:\/\/www.omnizoomstudio.com\/tr\/wp-json\/wp\/v2\/product_cat?post=3339"},{"taxonomy":"product_tag","embeddable":true,"href":"https:\/\/www.omnizoomstudio.com\/tr\/wp-json\/wp\/v2\/product_tag?post=3339"},{"taxonomy":"yst_prominent_words","embeddable":true,"href":"https:\/\/www.omnizoomstudio.com\/tr\/wp-json\/wp\/v2\/yst_prominent_words?post=3339"}],"curies":[{"name":"wp","href":"https:\/\/api.w.org\/{rel}","templated":true}]}}