{"id":887,"date":"2024-07-15T09:22:45","date_gmt":"2024-07-15T01:22:45","guid":{"rendered":"https:\/\/www.omnizoomstudio.com\/product\/9063-antman-led-spotlight-7w\/"},"modified":"2026-03-05T10:12:39","modified_gmt":"2026-03-05T02:12:39","slug":"products-indoor-recessed-spotlights-antman-9063","status":"publish","type":"product","link":"https:\/\/www.omnizoomstudio.com\/tr\/products-indoor-recessed-spotlights-antman-9063\/","title":{"rendered":"AntMan B\u00fcy\u00fck e\u011fim a\u00e7\u0131l\u0131 koridor resimli g\u00f6mme \u0131\u015f\u0131kl\u0131 tavan duvar y\u0131kay\u0131c\u0131 #9063"},"content":{"rendered":"<div class=\"wpb-content-wrapper\"><div class=\"vc_row wpb_row vc_row-fluid\"><div class=\"wpb_column vc_column_container vc_col-sm-12\"><div class=\"vc_column-inner\"><div class=\"wpb_wrapper\">\n\t<div class=\"wpb_text_column wpb_content_element\" >\n\t\t<div class=\"wpb_wrapper\">\n\t\t\t<h2>Yak\u0131nla\u015ft\u0131r\u0131labilir ve Y-TECH yenili\u011fi ile esnek ve \u00e7ok y\u00f6nl\u00fc g\u00f6mme LED ayd\u0131nlatma \u00e7\u00f6z\u00fcm\u00fc<\/h2>\n<p><img loading=\"lazy\" decoding=\"async\" class=\"alignnone wp-image-3227\" title=\"Koridor boyama ayd\u0131nlatmas\u0131 i\u00e7in b\u00fcy\u00fck e\u011fim a\u00e7\u0131s\u0131na sahip tavan duvar y\u0131kay\u0131c\u0131\" src=\"https:\/\/www.omnizoomstudio.com\/wp-content\/uploads\/2023\/06\/9063\u53c2\u6570.jpg\" alt=\"\" width=\"782\" height=\"568\" srcset=\"https:\/\/www.omnizoomstudio.com\/wp-content\/uploads\/2023\/06\/9063\u53c2\u6570.jpg 966w, https:\/\/www.omnizoomstudio.com\/wp-content\/uploads\/2023\/06\/9063\u53c2\u6570-300x218.jpg 300w, https:\/\/www.omnizoomstudio.com\/wp-content\/uploads\/2023\/06\/9063\u53c2\u6570-768x558.jpg 768w, https:\/\/www.omnizoomstudio.com\/wp-content\/uploads\/2023\/06\/9063\u53c2\u6570-18x12.jpg 18w, https:\/\/www.omnizoomstudio.com\/wp-content\/uploads\/2023\/06\/9063\u53c2\u6570-800x581.jpg 800w, https:\/\/www.omnizoomstudio.com\/wp-content\/uploads\/2023\/06\/9063\u53c2\u6570-150x109.jpg 150w\" sizes=\"auto, (max-width: 782px) 100vw, 782px\" \/><\/p>\n<p><img loading=\"lazy\" decoding=\"async\" class=\"alignnone wp-image-1650 size-full\" title=\"Koridor boyama ayd\u0131nlatmas\u0131 i\u00e7in b\u00fcy\u00fck e\u011fim a\u00e7\u0131s\u0131na sahip tavan duvar y\u0131kay\u0131c\u0131\" src=\"https:\/\/www.omnizoomstudio.com\/wp-content\/uploads\/2020\/01\/Ceiling-wall-washer-with-big-tilt-angle-for-corridor-painting-lighting.jpg\" alt=\"Ceiling wall washer with big tilt angle for corridor painting lighting\" width=\"790\" height=\"445\" srcset=\"https:\/\/www.omnizoomstudio.com\/wp-content\/uploads\/2020\/01\/Ceiling-wall-washer-with-big-tilt-angle-for-corridor-painting-lighting.jpg 790w, https:\/\/www.omnizoomstudio.com\/wp-content\/uploads\/2020\/01\/Ceiling-wall-washer-with-big-tilt-angle-for-corridor-painting-lighting-150x84.jpg 150w, https:\/\/www.omnizoomstudio.com\/wp-content\/uploads\/2020\/01\/Ceiling-wall-washer-with-big-tilt-angle-for-corridor-painting-lighting-600x338.jpg 600w, https:\/\/www.omnizoomstudio.com\/wp-content\/uploads\/2020\/01\/Ceiling-wall-washer-with-big-tilt-angle-for-corridor-painting-lighting-300x169.jpg 300w, https:\/\/www.omnizoomstudio.com\/wp-content\/uploads\/2020\/01\/Ceiling-wall-washer-with-big-tilt-angle-for-corridor-painting-lighting-768x433.jpg 768w\" sizes=\"auto, (max-width: 790px) 100vw, 790px\" \/><\/p>\n<h2><strong>Antman nas\u0131l \u00e7al\u0131\u015f\u0131yor?<\/strong><\/h2>\n<h3><strong><span dir=\"LTR\" data-line-height=\"xs\">Geli\u015fmi\u015f optik sistem ile farkl\u0131 \u0131\u015f\u0131n da\u011f\u0131l\u0131m\u0131 modeli<\/span><\/strong><\/h3>\n<p><span dir=\"LTR\" data-line-height=\"xs\">Farkl\u0131 nesneler \u00fczerindeki ayd\u0131nlatman\u0131n optimum \u0131\u015f\u0131k d\u00fczeni ayar\u0131 i\u00e7in bir optik filtre sistemi eklenmi\u015ftir.<\/span><span dir=\"LTR\" data-line-height=\"xs\">\u00a0Yuvarlaktan ovale kadar \u0131\u015f\u0131k.<\/span><\/p>\n<p><img loading=\"lazy\" decoding=\"async\" class=\"alignnone wp-image-1656\" title=\"focus4\" src=\"https:\/\/www.omnizoomstudio.com\/wp-content\/uploads\/2020\/01\/focus4.gif\" alt=\"focus4\" width=\"789\" height=\"444\" \/><\/p>\n<h3><strong><span dir=\"LTR\">Yak\u0131nla\u015ft\u0131r\u0131labilir \u0131\u015f\u0131n a\u00e7\u0131s\u0131<\/span><\/strong><\/h3>\n<p><span dir=\"LTR\">Yerle\u015fik patentli lens, kademesiz bir yak\u0131nla\u015ft\u0131rma \u0131\u015f\u0131n a\u00e7\u0131s\u0131 elde etmek i\u00e7in kayd\u0131r\u0131labilir<strong> 10<\/strong><\/span><strong><span dir=\"LTR\">\u00ba<\/span><span dir=\"LTR\"> to 50<\/span><span dir=\"LTR\">\u00ba<\/span><\/strong><span dir=\"LTR\">\u00a0, farkl\u0131 i\u00e7in \u00e7evik <\/span><span dir=\"LTR\">\u00a0<\/span><span dir=\"LTR\">Kiri\u015f boyutu ve gereken miktar.<\/span><\/p>\n<p><img loading=\"lazy\" decoding=\"async\" class=\"alignnone wp-image-2940 size-full\" title=\"focus2\" src=\"https:\/\/www.omnizoomstudio.com\/wp-content\/uploads\/2023\/06\/focus2.gif\" alt=\"focus2\" width=\"790\" height=\"450\" \/><\/p>\n<h2><strong>Antman Y-tech ile nas\u0131l \u00e7al\u0131\u015f\u0131yor?<\/strong><\/h2>\n<h3><strong>Yeni piyasaya s\u00fcr\u00fclen en geli\u015fmi\u015f M\u00fcze ayd\u0131nlatma optik sistemi\u00a0\u00a0 \u00a0 \u00a0<\/strong><\/h3>\n<p><a href=\"https:\/\/www.omnizoomstudio.com\/g120-oval-filter\/\"><img loading=\"lazy\" decoding=\"async\" class=\"alignnone wp-image-1657\" title=\"Y teknoloji sistemi4\" src=\"https:\/\/www.omnizoomstudio.com\/wp-content\/uploads\/2020\/01\/Y-tech-system4.png\" alt=\"Y tech system4\" width=\"1110\" height=\"463\" srcset=\"https:\/\/www.omnizoomstudio.com\/wp-content\/uploads\/2020\/01\/Y-tech-system4.png 1920w, https:\/\/www.omnizoomstudio.com\/wp-content\/uploads\/2020\/01\/Y-tech-system4-150x63.png 150w, https:\/\/www.omnizoomstudio.com\/wp-content\/uploads\/2020\/01\/Y-tech-system4-800x333.png 800w, https:\/\/www.omnizoomstudio.com\/wp-content\/uploads\/2020\/01\/Y-tech-system4-300x125.png 300w, https:\/\/www.omnizoomstudio.com\/wp-content\/uploads\/2020\/01\/Y-tech-system4-1024x427.png 1024w, https:\/\/www.omnizoomstudio.com\/wp-content\/uploads\/2020\/01\/Y-tech-system4-768x320.png 768w, https:\/\/www.omnizoomstudio.com\/wp-content\/uploads\/2020\/01\/Y-tech-system4-1536x640.png 1536w, https:\/\/www.omnizoomstudio.com\/wp-content\/uploads\/2020\/01\/Y-tech-system4-600x250.png 600w\" sizes=\"auto, (max-width: 1110px) 100vw, 1110px\" \/><\/a><\/p>\n<h2><strong style=\"font-size: 25.92px; color: #333333;\">Y-tech Kendinden \u00d6zelle\u015ftirilmi\u015f I\u015f\u0131n yapmak i\u00e7in nas\u0131l \u00e7al\u0131\u015f\u0131r?<\/strong><\/h2>\n<h3><strong>Farkl\u0131 \u0131\u015f\u0131k demeti dokusu<\/strong><\/h3>\n<p>Daha profesyonel uygulamalar i\u00e7in n\u00fcfuz eden veya daha yumu\u015fat\u0131c\u0131 \u0131\u015f\u0131k se\u00e7ene\u011fi i\u00e7in bir optik filtre sistemi eklenmi\u015ftir.<\/p>\n<p><img loading=\"lazy\" decoding=\"async\" class=\"alignnone wp-image-1655\" title=\"focus3\" src=\"https:\/\/www.omnizoomstudio.com\/wp-content\/uploads\/2020\/01\/focus3.gif\" alt=\"focus3\" width=\"756\" height=\"425\" \/><\/p>\n<h3><strong>B\u00fcy\u00fck e\u011fim a\u00e7\u0131s\u0131na sahip Gimbal G\u00f6mme \u0131\u015f\u0131k<\/strong><\/h3>\n<p>Armat\u00fcrler optimum \u0131\u015f\u0131n hizalamas\u0131 i\u00e7in hassas bir \u015fekilde ayarlanabilir. Sonu\u00e7 olarak \u0131\u015f\u0131k, tam olarak ihtiya\u00e7 duydu\u011funuz yere yay\u0131l\u0131r.<\/p>\n<p><img loading=\"lazy\" decoding=\"async\" class=\"alignnone wp-image-1653\" title=\"E\u011filebilir\" src=\"https:\/\/www.omnizoomstudio.com\/wp-content\/uploads\/2020\/01\/Tiltable.jpg\" alt=\"#9063 AntMan Ceiling wall washer with big tilt angle corridor picture recessed light\" width=\"761\" height=\"658\" srcset=\"https:\/\/www.omnizoomstudio.com\/wp-content\/uploads\/2020\/01\/Tiltable.jpg 790w, https:\/\/www.omnizoomstudio.com\/wp-content\/uploads\/2020\/01\/Tiltable-150x130.jpg 150w, https:\/\/www.omnizoomstudio.com\/wp-content\/uploads\/2020\/01\/Tiltable-600x519.jpg 600w, https:\/\/www.omnizoomstudio.com\/wp-content\/uploads\/2020\/01\/Tiltable-300x259.jpg 300w, https:\/\/www.omnizoomstudio.com\/wp-content\/uploads\/2020\/01\/Tiltable-768x664.jpg 768w\" sizes=\"auto, (max-width: 761px) 100vw, 761px\" \/><\/p>\n<p><img loading=\"lazy\" decoding=\"async\" class=\"alignnone wp-image-2964\" title=\"S\u00fcr\u00fcc\u00fc\" src=\"https:\/\/www.omnizoomstudio.com\/wp-content\/uploads\/2023\/06\/Driver.jpg\" alt=\"#9063 AntMan Ceiling wall washer with big tilt angle corridor picture recessed light\" width=\"914\" height=\"457\" srcset=\"https:\/\/www.omnizoomstudio.com\/wp-content\/uploads\/2023\/06\/Driver.jpg 1000w, https:\/\/www.omnizoomstudio.com\/wp-content\/uploads\/2023\/06\/Driver-300x150.jpg 300w, https:\/\/www.omnizoomstudio.com\/wp-content\/uploads\/2023\/06\/Driver-768x384.jpg 768w, https:\/\/www.omnizoomstudio.com\/wp-content\/uploads\/2023\/06\/Driver-800x400.jpg 800w, https:\/\/www.omnizoomstudio.com\/wp-content\/uploads\/2023\/06\/Driver-150x75.jpg 150w\" sizes=\"auto, (max-width: 914px) 100vw, 914px\" \/><\/p>\n<h3><span style=\"font-size: 140%; color: #000000;\"><strong>Yap\u0131<\/strong><\/span><\/h3>\n<p><a href=\"https:\/\/www.omnizoomstudio.com\/wp-content\/uploads\/2019\/08\/structure-5.jpg\"><img loading=\"lazy\" decoding=\"async\" class=\"alignnone wp-image-1341\" title=\"yap\u0131 5\" src=\"https:\/\/www.omnizoomstudio.com\/wp-content\/uploads\/2019\/08\/structure-5.jpg\" alt=\"structure 5\" width=\"1064\" height=\"426\" \/>\u00a0<\/a><\/p>\n<h3><\/h3>\n<p><strong><span dir=\"LTR\">Uygulama 1<\/span><\/strong><\/p>\n<p><a href=\"https:\/\/www.omnizoomstudio.com\/wp-content\/uploads\/2019\/08\/G118\u62c9\u5149.jpg\"><img loading=\"lazy\" decoding=\"async\" class=\"alignnone wp-image-1658\" title=\"G118\" src=\"https:\/\/www.omnizoomstudio.com\/wp-content\/uploads\/2020\/01\/G118.jpg\" alt=\"#9063 AntMan Ceiling wall washer with big tilt angle corridor picture recessed light\" width=\"855\" height=\"641\" srcset=\"https:\/\/www.omnizoomstudio.com\/wp-content\/uploads\/2020\/01\/G118.jpg 1440w, https:\/\/www.omnizoomstudio.com\/wp-content\/uploads\/2020\/01\/G118-150x113.jpg 150w, https:\/\/www.omnizoomstudio.com\/wp-content\/uploads\/2020\/01\/G118-800x600.jpg 800w, https:\/\/www.omnizoomstudio.com\/wp-content\/uploads\/2020\/01\/G118-300x225.jpg 300w, https:\/\/www.omnizoomstudio.com\/wp-content\/uploads\/2020\/01\/G118-1024x768.jpg 1024w, https:\/\/www.omnizoomstudio.com\/wp-content\/uploads\/2020\/01\/G118-768x576.jpg 768w, https:\/\/www.omnizoomstudio.com\/wp-content\/uploads\/2020\/01\/G118-600x450.jpg 600w\" sizes=\"auto, (max-width: 855px) 100vw, 855px\" \/><\/a><\/p>\n<p><span dir=\"LTR\">\u00a0De\u011fi\u015ftirilebilir optik ile oval olarak yeniden d\u00fczenleyin.<\/span><\/p>\n<h3><span dir=\"LTR\">Antman hikayesi bitmedi...<\/span><\/h3>\n<table width=\"587\">\n<tbody>\n<tr>\n<td colspan=\"3\" width=\"587\">Antman &amp; Y-tech AC 220V\/7W<\/td>\n<\/tr>\n<tr>\n<td width=\"198\">Hafif remodeling yuvarlak ila oval<\/td>\n<td width=\"199\">I\u015f\u0131n A\u00e7\u0131s\u0131:<br \/>\n10\u00ba-50\u00ba<\/td>\n<td width=\"190\">Kesik:<br \/>\n\u00f875-80mm<\/td>\n<\/tr>\n<tr>\n<td width=\"198\">yak\u0131nla\u015ft\u0131r\u0131labilir teknoloji<\/td>\n<td width=\"199\">Vat miktar\u0131 :9W<\/td>\n<td width=\"190\">Giri\u015f Voltaj\u0131:<br \/>\nAC220V<\/td>\n<\/tr>\n<tr>\n<td width=\"198\">Hafif kesim<\/td>\n<td width=\"199\">Lumen:<br \/>\nMin a\u00e7\u0131 267 Lm<br \/>\nMax angle 380 Lm<\/td>\n<td width=\"190\">Konut:<br \/>\nSiyah\/ Beyaz<\/td>\n<\/tr>\n<tr>\n<td width=\"198\">Farkl\u0131 \u0131\u015f\u0131k dokusu<\/td>\n<td width=\"199\">Renk S\u0131cakl\u0131\u011f\u0131:<br \/>\n2700k\/3000K\/4000K\/6000K<\/td>\n<td width=\"190\">CRI: &gt;97<\/td>\n<\/tr>\n<tr>\n<td width=\"198\">Farkl\u0131 \u0131\u015f\u0131k renkleri<\/td>\n<td width=\"199\">Kurulum:<br \/>\nTavan G\u00f6mme<\/td>\n<td width=\"190\">IP Derecesi:<br \/>\nIP 50<\/td>\n<\/tr>\n<tr>\n<td width=\"198\">k\u0131s\u0131labilir\uff1aTriac, DALI,...<\/td>\n<td width=\"199\">\u00d6m\u00fcr boyu:<br \/>\n30000H-50000H<\/td>\n<td width=\"190\">Garanti:<br \/>\n3 Y\u0131l<\/td>\n<\/tr>\n<tr>\n<td width=\"198\">A\u011f\u0131rl\u0131k:275g<\/td>\n<td width=\"199\">Sertifikasyon\uff1aCE<\/td>\n<td width=\"190\"><\/td>\n<\/tr>\n<\/tbody>\n<\/table>\n<p>&nbsp;<\/p>\n<p><a href=\"https:\/\/www.omnizoomstudio.com\/lycra-led-spotlight-9w\/\">https:\/\/www.omnizoomstudio.com\/lycra-led-spotlight-9w\/<\/a><\/p>\n<p><a href=\"https:\/\/www.omnizoomstudio.com\/lycra-led-spotlight-9w\/\"><img loading=\"lazy\" decoding=\"async\" class=\"alignnone wp-image-2885\" title=\"G118\" src=\"https:\/\/www.omnizoomstudio.com\/wp-content\/uploads\/2024\/03\/1802-4.jpg\" alt=\"1802 4\" width=\"448\" height=\"448\" srcset=\"https:\/\/www.omnizoomstudio.com\/wp-content\/uploads\/2024\/03\/1802-4.jpg 900w, https:\/\/www.omnizoomstudio.com\/wp-content\/uploads\/2024\/03\/1802-4-300x300.jpg 300w, https:\/\/www.omnizoomstudio.com\/wp-content\/uploads\/2024\/03\/1802-4-150x150.jpg 150w, https:\/\/www.omnizoomstudio.com\/wp-content\/uploads\/2024\/03\/1802-4-768x768.jpg 768w, https:\/\/www.omnizoomstudio.com\/wp-content\/uploads\/2024\/03\/1802-4-800x800.jpg 800w, https:\/\/www.omnizoomstudio.com\/wp-content\/uploads\/2024\/03\/1802-4-400x400.jpg 400w\" sizes=\"auto, (max-width: 448px) 100vw, 448px\" \/><\/a><\/p>\n\n\t\t<\/div>\n\t<\/div>\n<\/div><\/div><\/div><\/div>\n<\/div>","protected":false},"excerpt":{"rendered":"<p>#9063 Omnizoom'un orijinal Kar\u0131nca Adam g\u00f6mme duvar rondelas\u0131, 45 derecelik geni\u015f e\u011fim a\u00e7\u0131s\u0131 ve yak\u0131nla\u015ft\u0131r\u0131labilir yenilik\u00e7i Y-TECH teknolojisi ile \u00f6zellikle sanat galerileri ve butik oteller gibi yerlerde kullan\u0131m i\u00e7in uygundur. Esnek ve \u00e7ok y\u00f6nl\u00fc g\u00f6mme LED ayd\u0131nlatma \u00e7\u00f6z\u00fcm\u00fc, mekandaki yarat\u0131c\u0131l\u0131\u011f\u0131 ortaya \u00e7\u0131kar\u0131r<\/p>","protected":false},"featured_media":932,"template":"","meta":[],"product_brand":[],"product_cat":[287,19,20,22],"product_tag":[393],"yst_prominent_words":[243,65,61,54,58,134,69,57,100,62,56,52,55,219,68,63,64,66,111],"class_list":{"0":"post-887","1":"product","2":"type-product","3":"status-publish","4":"has-post-thumbnail","6":"product_cat-art-gallery-lighting","7":"product_cat-commercial-display-lighting","8":"product_cat-ceiling-light","9":"product_cat-shop-lighting","10":"product_tag-recessed-light","12":"first","13":"instock","14":"featured","15":"virtual","16":"sold-individually","17":"purchasable","18":"product-type-simple"},"_links":{"self":[{"href":"https:\/\/www.omnizoomstudio.com\/tr\/wp-json\/wp\/v2\/product\/887","targetHints":{"allow":["GET"]}}],"collection":[{"href":"https:\/\/www.omnizoomstudio.com\/tr\/wp-json\/wp\/v2\/product"}],"about":[{"href":"https:\/\/www.omnizoomstudio.com\/tr\/wp-json\/wp\/v2\/types\/product"}],"wp:featuredmedia":[{"embeddable":true,"href":"https:\/\/www.omnizoomstudio.com\/tr\/wp-json\/wp\/v2\/media\/932"}],"wp:attachment":[{"href":"https:\/\/www.omnizoomstudio.com\/tr\/wp-json\/wp\/v2\/media?parent=887"}],"wp:term":[{"taxonomy":"product_brand","embeddable":true,"href":"https:\/\/www.omnizoomstudio.com\/tr\/wp-json\/wp\/v2\/product_brand?post=887"},{"taxonomy":"product_cat","embeddable":true,"href":"https:\/\/www.omnizoomstudio.com\/tr\/wp-json\/wp\/v2\/product_cat?post=887"},{"taxonomy":"product_tag","embeddable":true,"href":"https:\/\/www.omnizoomstudio.com\/tr\/wp-json\/wp\/v2\/product_tag?post=887"},{"taxonomy":"yst_prominent_words","embeddable":true,"href":"https:\/\/www.omnizoomstudio.com\/tr\/wp-json\/wp\/v2\/yst_prominent_words?post=887"}],"curies":[{"name":"wp","href":"https:\/\/api.w.org\/{rel}","templated":true}]}}